{"id":1060,"date":"2022-02-22T10:35:44","date_gmt":"2022-02-22T09:35:44","guid":{"rendered":"https:\/\/www.lottenlundestate.se\/?page_id=1060"},"modified":"2022-05-20T10:17:05","modified_gmt":"2022-05-20T08:17:05","slug":"hallbarhetspolicy","status":"publish","type":"page","link":"https:\/\/www.lottenlundestate.se\/en\/hallbarhetspolicy\/","title":{"rendered":"Sustainability Policy"},"content":{"rendered":"<div data-elementor-type=\"wp-page\" data-elementor-id=\"1060\" class=\"elementor elementor-1060\" data-elementor-post-type=\"page\">\n\t\t\t\t\t\t<section class=\"elementor-section elementor-top-section elementor-element elementor-element-363bfa1 elementor-section-height-min-height elementor-section-boxed elementor-section-height-default elementor-section-items-middle\" data-id=\"363bfa1\" data-element_type=\"section\">\n\t\t\t\t\t\t<div class=\"elementor-container elementor-column-gap-no\">\n\t\t\t\t\t<div class=\"elementor-column elementor-col-100 elementor-top-column elementor-element elementor-element-c9825bd\" data-id=\"c9825bd\" data-element_type=\"column\">\n\t\t\t<div class=\"elementor-widget-wrap elementor-element-populated\">\n\t\t\t\t\t\t<div class=\"elementor-element elementor-element-4dc9b36 elementor-invisible elementor-widget elementor-widget-heading\" data-id=\"4dc9b36\" data-element_type=\"widget\" data-settings=\"{&quot;_animation&quot;:&quot;fadeIn&quot;}\" data-widget_type=\"heading.default\">\n\t\t\t\t<div class=\"elementor-widget-container\">\n\t\t\t\t\t<h3 class=\"elementor-heading-title elementor-size-default\">Lottenlund Estate<\/h3>\t\t\t\t<\/div>\n\t\t\t\t<\/div>\n\t\t\t\t<div class=\"elementor-element elementor-element-5beef3b elementor-invisible elementor-widget elementor-widget-heading\" data-id=\"5beef3b\" data-element_type=\"widget\" data-settings=\"{&quot;_animation&quot;:&quot;fadeIn&quot;,&quot;_animation_delay&quot;:&quot;400&quot;}\" data-widget_type=\"heading.default\">\n\t\t\t\t<div class=\"elementor-widget-container\">\n\t\t\t\t\t<h1 class=\"elementor-heading-title elementor-size-default\">SUSTAINABILITY POLICY<\/h1>\t\t\t\t<\/div>\n\t\t\t\t<\/div>\n\t\t\t\t<div class=\"elementor-element elementor-element-4b1f6f6 elementor-widget elementor-widget-heading\" data-id=\"4b1f6f6\" data-element_type=\"widget\" data-widget_type=\"heading.default\">\n\t\t\t\t<div class=\"elementor-widget-container\">\n\t\t\t\t\t<h3 class=\"elementor-heading-title elementor-size-default\">We believe in sustainable development in the field of agriculture. That\u2019s why we make sure to take our responsibility to contribute to for a more sustainable future in the beverage industry. Change does not happen overnight, and even as a small producer it is important to work continuous with our stakeholders, to improve in both the large and little things.<\/h3>\t\t\t\t<\/div>\n\t\t\t\t<\/div>\n\t\t\t\t<div class=\"elementor-element elementor-element-def3c14 elementor-widget elementor-widget-heading\" data-id=\"def3c14\" data-element_type=\"widget\" data-widget_type=\"heading.default\">\n\t\t\t\t<div class=\"elementor-widget-container\">\n\t\t\t\t\t<h3 class=\"elementor-heading-title elementor-size-default\">Safety<\/h3>\t\t\t\t<\/div>\n\t\t\t\t<\/div>\n\t\t\t\t<div class=\"elementor-element elementor-element-2161166 elementor-widget elementor-widget-text-editor\" data-id=\"2161166\" data-element_type=\"widget\" data-widget_type=\"text-editor.default\">\n\t\t\t\t<div class=\"elementor-widget-container\">\n\t\t\t\t\t\t\t\t\t<p id=\"E71\" class=\"x-scope qowt-word-para-0\">Lottenlund Estate will work for a more sustainable society where resources are funneled in a sustainable way. Our costumer should feel secure in that our products and production consider the environment impact and keep a sustainability perspective in every step of our decisions.<\/p>\t\t\t\t\t\t\t\t<\/div>\n\t\t\t\t<\/div>\n\t\t\t\t<div class=\"elementor-element elementor-element-365854c elementor-widget elementor-widget-heading\" data-id=\"365854c\" data-element_type=\"widget\" data-widget_type=\"heading.default\">\n\t\t\t\t<div class=\"elementor-widget-container\">\n\t\t\t\t\t<h3 class=\"elementor-heading-title elementor-size-default\">Sustainable vineyards<\/h3>\t\t\t\t<\/div>\n\t\t\t\t<\/div>\n\t\t\t\t<div class=\"elementor-element elementor-element-eb9f5b8 elementor-widget elementor-widget-text-editor\" data-id=\"eb9f5b8\" data-element_type=\"widget\" data-widget_type=\"text-editor.default\">\n\t\t\t\t<div class=\"elementor-widget-container\">\n\t\t\t\t\t\t\t\t\t<p>One of the greatest challenges in the traditional wine industry is mildew, that is combatted with copper treatment. This is a catastrophe for the environment, and we have therefore decided to exclusively use grape varieties (PIWI) that are resistant to mildew.  These varieties are developed for the new generation of vineyards, that want to eliminate the usage of traditional chemical pesticides, which improve the microhabitats in the soil.<\/p><p>The nourishment for our vineyard, is primarily naturally sourced mainour from a farm from our local area. By using horse mainour we promote microorganism in the soil and create a better foundation for our vines and apple trees. The energy we take from the vineyard, in the form of harvest, we return in form of pomace, skins and stems. In the farm we have chickens that produce effective fertilizers, that we use for our botanical garden. Weeds are removed \nmechanically, so we can avoid using chemicals that destroy the environment for our pollinators and drain the soil.<\/p>\t\t\t\t\t\t\t\t<\/div>\n\t\t\t\t<\/div>\n\t\t\t\t<div class=\"elementor-element elementor-element-9e12dcd elementor-widget elementor-widget-heading\" data-id=\"9e12dcd\" data-element_type=\"widget\" data-widget_type=\"heading.default\">\n\t\t\t\t<div class=\"elementor-widget-container\">\n\t\t\t\t\t<h3 class=\"elementor-heading-title elementor-size-default\">Natural Circle <\/h3>\t\t\t\t<\/div>\n\t\t\t\t<\/div>\n\t\t\t\t<div class=\"elementor-element elementor-element-68045c2 elementor-widget elementor-widget-text-editor\" data-id=\"68045c2\" data-element_type=\"widget\" data-widget_type=\"text-editor.default\">\n\t\t\t\t<div class=\"elementor-widget-container\">\n\t\t\t\t\t\t\t\t\t<p>All our decisions in the vineyards and winery is based on recycling. As an example we take care of the pomace from the wineproduction and distill it into a <a href=\"https:\/\/www.lottenlundestate.se\/en\/lotima-digestif\/\">marc.<\/a>The rest, we put back to the soil again to feed the rainworms.<\/p>\t\t\t\t\t\t\t\t<\/div>\n\t\t\t\t<\/div>\n\t\t\t\t<div class=\"elementor-element elementor-element-5532e07 elementor-widget elementor-widget-heading\" data-id=\"5532e07\" data-element_type=\"widget\" data-widget_type=\"heading.default\">\n\t\t\t\t<div class=\"elementor-widget-container\">\n\t\t\t\t\t<h3 class=\"elementor-heading-title elementor-size-default\">Recycling<\/h3>\t\t\t\t<\/div>\n\t\t\t\t<\/div>\n\t\t\t\t<div class=\"elementor-element elementor-element-c4f5130 elementor-widget elementor-widget-text-editor\" data-id=\"c4f5130\" data-element_type=\"widget\" data-widget_type=\"text-editor.default\">\n\t\t\t\t<div class=\"elementor-widget-container\">\n\t\t\t\t\t\t\t\t\t<p>All our waste, internally and at our customers is recyclable and becomes new products. We carefully choose our suppliers based on our values and strive to source as much locally as possible. We constantly strive to minimize our plastic usage, in favor of more eco-friendly materials such as paper and biodegradable products. In addition, we are members of Svensk Glas\u00e5tervinning, that organize and collect glass packaging within Sweden, that saves natural resources and energy. Recycled bottles are sorted, crushed, and reused as new glassware. Did you know that Sweden is best in the world in glass recycling?<\/p>\t\t\t\t\t\t\t\t<\/div>\n\t\t\t\t<\/div>\n\t\t\t\t<div class=\"elementor-element elementor-element-773dfc8 elementor-widget elementor-widget-heading\" data-id=\"773dfc8\" data-element_type=\"widget\" data-widget_type=\"heading.default\">\n\t\t\t\t<div class=\"elementor-widget-container\">\n\t\t\t\t\t<h3 class=\"elementor-heading-title elementor-size-default\">Sustainable decisions<\/h3>\t\t\t\t<\/div>\n\t\t\t\t<\/div>\n\t\t\t\t<div class=\"elementor-element elementor-element-a136827 elementor-widget elementor-widget-text-editor\" data-id=\"a136827\" data-element_type=\"widget\" data-widget_type=\"text-editor.default\">\n\t\t\t\t<div class=\"elementor-widget-container\">\n\t\t\t\t\t\t\t\t\t<p>Every decision on the farm is based on nature as a stakeholder. That\u2019s why the decision felt natural 2016, to also maintain beehives on the vineyard, as the value of our pollinators far outweighs the benefit of honey sales. Another natural decision was to use Sedum on the roof of the winery that binds water and pollution in the air and isolate the winery. The suppliers that share our values, is those we bring along on our journey, our labels are printed by Nordvalls Etikett in Sj\u00f6bo, they are FSC-certified printing agency that works with sustainability keeping, ecology, economy, and social sustainability. Just like us. You can read more about FSC here <a href=\"https:\/\/se.fsc.org\/se-se\" target=\"_blank\" rel=\"noopener\"><span style=\"text-decoration: underline;\">here<\/span><\/a>.<\/p>\t\t\t\t\t\t\t\t<\/div>\n\t\t\t\t<\/div>\n\t\t\t\t<div class=\"elementor-element elementor-element-c055f14 elementor-widget elementor-widget-heading\" data-id=\"c055f14\" data-element_type=\"widget\" data-widget_type=\"heading.default\">\n\t\t\t\t<div class=\"elementor-widget-container\">\n\t\t\t\t\t<h3 class=\"elementor-heading-title elementor-size-default\">Global Sustainability Development Goals<\/h3>\t\t\t\t<\/div>\n\t\t\t\t<\/div>\n\t\t\t\t<div class=\"elementor-element elementor-element-d3d7983 elementor-widget elementor-widget-text-editor\" data-id=\"d3d7983\" data-element_type=\"widget\" data-widget_type=\"text-editor.default\">\n\t\t\t\t<div class=\"elementor-widget-container\">\n\t\t\t\t\t\t\t\t\t<p>We work in accordance with the SDGs, the most ambitious agenda for sustainable development that the world has put forward to realize by 2030. Read more about the goals <a href=\"https:\/\/www.globalamalen.se\" target=\"_blank\" rel=\"noopener\"><span style=\"text-decoration: underline;\">here.<\/span><\/a><\/p>\t\t\t\t\t\t\t\t<\/div>\n\t\t\t\t<\/div>\n\t\t\t\t\t<\/div>\n\t\t<\/div>\n\t\t\t\t\t<\/div>\n\t\t<\/section>\n\t\t\t\t<\/div>","protected":false},"excerpt":{"rendered":"<p>Lottenlund Estate H\u00e5llbarhetsPolicy Vi tror p\u00e5 en l\u00e5ngsiktig och h\u00e5llbar utveckling. D\u00e4rf\u00f6r k\u00e4nns det naturligt att vi tar v\u00e5rt ansvar och driver dryckesbranschen i r\u00e4tt riktning mot en \u00f6kad h\u00e5llbarhet. F\u00f6r\u00e4ndringen kan inte ske \u00f6ver en natt utan vi arbetar l\u00e5ngsiktigt tillsammans med v\u00e5ra intressenter s\u00e5som naturen, kunder och leverant\u00f6rer f\u00f6r att utveckla en mer [&hellip;]<\/p>","protected":false},"author":1,"featured_media":0,"parent":0,"menu_order":0,"comment_status":"closed","ping_status":"closed","template":"","meta":{"_seopress_robots_primary_cat":"","_seopress_titles_title":"","_seopress_titles_desc":"","_seopress_robots_index":"","footnotes":""},"Pagecategories":[],"class_list":["post-1060","page","type-page","status-publish","hentry"],"meta_box":[],"_links":{"self":[{"href":"https:\/\/www.lottenlundestate.se\/en\/wp-json\/wp\/v2\/pages\/1060","targetHints":{"allow":["GET"]}}],"collection":[{"href":"https:\/\/www.lottenlundestate.se\/en\/wp-json\/wp\/v2\/pages"}],"about":[{"href":"https:\/\/www.lottenlundestate.se\/en\/wp-json\/wp\/v2\/types\/page"}],"author":[{"embeddable":true,"href":"https:\/\/www.lottenlundestate.se\/en\/wp-json\/wp\/v2\/users\/1"}],"replies":[{"embeddable":true,"href":"https:\/\/www.lottenlundestate.se\/en\/wp-json\/wp\/v2\/comments?post=1060"}],"version-history":[{"count":5,"href":"https:\/\/www.lottenlundestate.se\/en\/wp-json\/wp\/v2\/pages\/1060\/revisions"}],"predecessor-version":[{"id":1900,"href":"https:\/\/www.lottenlundestate.se\/en\/wp-json\/wp\/v2\/pages\/1060\/revisions\/1900"}],"wp:attachment":[{"href":"https:\/\/www.lottenlundestate.se\/en\/wp-json\/wp\/v2\/media?parent=1060"}],"wp:term":[{"taxonomy":"Pagecategories","embeddable":true,"href":"https:\/\/www.lottenlundestate.se\/en\/wp-json\/wp\/v2\/Pagecategories?post=1060"}],"curies":[{"name":"wp","href":"https:\/\/api.w.org\/{rel}","templated":true}]}}