{"id":1846,"date":"2022-05-09T10:29:58","date_gmt":"2022-05-09T08:29:58","guid":{"rendered":"https:\/\/www.lottenlundestate.se\/?page_id=1846"},"modified":"2024-04-29T23:53:51","modified_gmt":"2024-04-29T21:53:51","slug":"gdpr-2","status":"publish","type":"page","link":"https:\/\/www.lottenlundestate.se\/en\/gdpr-2\/","title":{"rendered":"GDPR"},"content":{"rendered":"<style>\/*! elementor - v3.6.5 - 27-04-2022 *\/\n.elementor-heading-title{padding:0;margin:0;line-height:1}.elementor-widget-heading .elementor-heading-title[class*=elementor-size-]>a{color:inherit;font-size:inherit;line-height:inherit}.elementor-widget-heading .elementor-heading-title.elementor-size-small{font-size:15px}.elementor-widget-heading .elementor-heading-title.elementor-size-medium{font-size:19px}.elementor-widget-heading .elementor-heading-title.elementor-size-large{font-size:29px}.elementor-widget-heading .elementor-heading-title.elementor-size-xl{font-size:39px}.elementor-widget-heading .elementor-heading-title.elementor-size-xxl{font-size:59px}<\/style>\n<h3>Lottenlund Estate<\/h3>\n<h1>GDPR<\/h1>\n<h3>F\u00f6r oss \u00e4r det viktigt att v\u00e5ra kunder k\u00e4nner sig trygga hos oss. D\u00e4rf\u00f6r har vi sammanfattat vad lagen om GDPR<br \/>\ninneb\u00e4r f\u00f6r er och oss samt hur vi tar hand om era personuppgifter. Observera att nedan text inte \u00e4r v\u00e5ra legala<br \/>\npolicys utan en f\u00f6renklad sammanfattande beskrivning f\u00f6r att ni ska k\u00e4nna er trygga hos oss.<\/h3>\n<h3>What is GDPR?<\/h3>\n<p>The General Data Protection Regulation (GDPR) has been in force since 25th of May 2018, within all EU countries. The legislation protects you as costumer and your rights in regard to treatment of personal information. The regulation is in place to protect your information from being used in undue purposes. Personal information is any form of data that can identify you as a person, through name, address, phone number, photography, or email.\n\nLottenlund Estate AB is responsible for the data and decide how your personal data is used, stored, and collected. We store the following data on you as a costumer, name, address, phone number and email.\nThe information will be used for billing, booking and for sending our newsletter. We make sure that the data is protected from undue usages.<\/p>\n<p>Lottenlund Estate AB is resoponsible for personal data and decisions regarding handling, \ncollecting and using the personal data you give\nto us. We collect the following data about you \nwant to become a client: name, address , \nphonenumber and email. <br \/>These data is used for invoices, bookings and \nnewsletter. We protect all personal data for \ninappropriate use.<\/p>\n<h3>What happens if there is an incident? <\/h3>\n<p>If Lottenlund Estate AB have our data compromised or there has been an unexpected leak of data, will the incident be documented by the responsible actor and reported to Datainspektionen, as well as inform the parties affected by the leak within 72 hours.<\/p>\n<h3>Delete your information in our system.<\/h3>\n<p>If you have booked a visit with us, you can contact us anytime to demand that we showcase\nthe data that is stored about you, as well as request changes of personal information or that\nwe delete all the data we have on you. If you wish to do this, please contact us at <a href=\"mailto:info@lottenlundestate.se\">info@lottenlundestate.se<\/a>.<\/p>","protected":false},"excerpt":{"rendered":"<p>Lottenlund Estate GDPR F\u00f6r oss \u00e4r det viktigt att v\u00e5ra kunder k\u00e4nner sig trygga hos oss. D\u00e4rf\u00f6r har vi sammanfattat vad lagen om GDPR inneb\u00e4r f\u00f6r er och oss samt hur vi tar hand om era personuppgifter. Observera att nedan text inte \u00e4r v\u00e5ra legala policys utan en f\u00f6renklad sammanfattande beskrivning f\u00f6r att ni ska [&hellip;]<\/p>","protected":false},"author":1,"featured_media":0,"parent":0,"menu_order":0,"comment_status":"closed","ping_status":"closed","template":"","meta":{"_seopress_robots_primary_cat":"","_seopress_titles_title":"","_seopress_titles_desc":"","_seopress_robots_index":"","footnotes":""},"Pagecategories":[],"class_list":["post-1846","page","type-page","status-publish","hentry"],"meta_box":[],"_links":{"self":[{"href":"https:\/\/www.lottenlundestate.se\/en\/wp-json\/wp\/v2\/pages\/1846","targetHints":{"allow":["GET"]}}],"collection":[{"href":"https:\/\/www.lottenlundestate.se\/en\/wp-json\/wp\/v2\/pages"}],"about":[{"href":"https:\/\/www.lottenlundestate.se\/en\/wp-json\/wp\/v2\/types\/page"}],"author":[{"embeddable":true,"href":"https:\/\/www.lottenlundestate.se\/en\/wp-json\/wp\/v2\/users\/1"}],"replies":[{"embeddable":true,"href":"https:\/\/www.lottenlundestate.se\/en\/wp-json\/wp\/v2\/comments?post=1846"}],"version-history":[{"count":5,"href":"https:\/\/www.lottenlundestate.se\/en\/wp-json\/wp\/v2\/pages\/1846\/revisions"}],"predecessor-version":[{"id":1855,"href":"https:\/\/www.lottenlundestate.se\/en\/wp-json\/wp\/v2\/pages\/1846\/revisions\/1855"}],"wp:attachment":[{"href":"https:\/\/www.lottenlundestate.se\/en\/wp-json\/wp\/v2\/media?parent=1846"}],"wp:term":[{"taxonomy":"Pagecategories","embeddable":true,"href":"https:\/\/www.lottenlundestate.se\/en\/wp-json\/wp\/v2\/Pagecategories?post=1846"}],"curies":[{"name":"wp","href":"https:\/\/api.w.org\/{rel}","templated":true}]}}