{"id":1935,"date":"2022-05-30T08:27:45","date_gmt":"2022-05-30T06:27:45","guid":{"rendered":"https:\/\/www.lottenlundestate.se\/?page_id=1935"},"modified":"2023-03-14T18:35:05","modified_gmt":"2023-03-14T17:35:05","slug":"lotima-vermouth-rosso-2020","status":"publish","type":"page","link":"https:\/\/www.lottenlundestate.se\/en\/lotima-vermouth-rosso-2020\/","title":{"rendered":"Lotima Vermouth Rosso"},"content":{"rendered":"<div data-elementor-type=\"wp-page\" data-elementor-id=\"1935\" class=\"elementor elementor-1935\" data-elementor-post-type=\"page\">\n\t\t\t\t\t\t<section class=\"elementor-section elementor-top-section elementor-element elementor-element-f2eb1b0 elementor-section-full_width elementor-section-height-min-height elementor-section-height-default elementor-section-items-middle\" data-id=\"f2eb1b0\" data-element_type=\"section\">\n\t\t\t\t\t\t<div class=\"elementor-container elementor-column-gap-default\">\n\t\t\t\t\t<div class=\"elementor-column elementor-col-50 elementor-top-column elementor-element elementor-element-35478b4\" data-id=\"35478b4\" data-element_type=\"column\">\n\t\t\t<div class=\"elementor-widget-wrap elementor-element-populated\">\n\t\t\t\t\t\t<div class=\"elementor-element elementor-element-66f66b4 elementor-align-left elementor-icon-list--layout-traditional elementor-list-item-link-full_width elementor-widget elementor-widget-icon-list\" data-id=\"66f66b4\" data-element_type=\"widget\" data-widget_type=\"icon-list.default\">\n\t\t\t\t<div class=\"elementor-widget-container\">\n\t\t\t\t\t\t\t<ul class=\"elementor-icon-list-items\">\n\t\t\t\t\t\t\t<li class=\"elementor-icon-list-item\">\n\t\t\t\t\t\t\t\t\t\t\t<a href=\"https:\/\/www.lottenlundestate.se\/en\/vin\/\">\n\n\t\t\t\t\t\t\t\t\t\t\t\t<span class=\"elementor-icon-list-icon\">\n\t\t\t\t\t\t\t<i aria-hidden=\"true\" class=\"fal fa-long-arrow-left\"><\/i>\t\t\t\t\t\t<\/span>\n\t\t\t\t\t\t\t\t\t\t<span class=\"elementor-icon-list-text\">Back<\/span>\n\t\t\t\t\t\t\t\t\t\t\t<\/a>\n\t\t\t\t\t\t\t\t\t<\/li>\n\t\t\t\t\t\t<\/ul>\n\t\t\t\t\t\t<\/div>\n\t\t\t\t<\/div>\n\t\t\t\t<div class=\"elementor-element elementor-element-de9d3b1 elementor-widget elementor-widget-image\" data-id=\"de9d3b1\" data-element_type=\"widget\" data-widget_type=\"image.default\">\n\t\t\t\t<div class=\"elementor-widget-container\">\n\t\t\t\t\t\t\t\t\t\t\t\t\t\t\t<img decoding=\"async\" src=\"https:\/\/www.lottenlundestate.se\/wp-content\/uploads\/2023\/03\/Rosso-scaled.jpg\" title=\"\" alt=\"\" loading=\"lazy\" \/>\t\t\t\t\t\t\t\t\t\t\t\t\t\t\t<\/div>\n\t\t\t\t<\/div>\n\t\t\t\t\t<\/div>\n\t\t<\/div>\n\t\t\t\t<div class=\"elementor-column elementor-col-50 elementor-top-column elementor-element elementor-element-7e2b578\" data-id=\"7e2b578\" data-element_type=\"column\">\n\t\t\t<div class=\"elementor-widget-wrap elementor-element-populated\">\n\t\t\t\t\t\t<div class=\"elementor-element elementor-element-7e8fcbb elementor-invisible elementor-widget elementor-widget-heading\" data-id=\"7e8fcbb\" data-element_type=\"widget\" data-settings=\"{&quot;_animation&quot;:&quot;fadeIn&quot;,&quot;_animation_delay&quot;:&quot;400&quot;}\" data-widget_type=\"heading.default\">\n\t\t\t\t<div class=\"elementor-widget-container\">\n\t\t\t\t\t<h5 class=\"elementor-heading-title elementor-size-default\">Lotima Vermouth Rosso <\/h5>\t\t\t\t<\/div>\n\t\t\t\t<\/div>\n\t\t\t\t<div class=\"elementor-element elementor-element-7a07d6f elementor-widget-divider--view-line elementor-widget elementor-widget-divider\" data-id=\"7a07d6f\" data-element_type=\"widget\" data-widget_type=\"divider.default\">\n\t\t\t\t<div class=\"elementor-widget-container\">\n\t\t\t\t\t\t\t<div class=\"elementor-divider\">\n\t\t\t<span class=\"elementor-divider-separator\">\n\t\t\t\t\t\t<\/span>\n\t\t<\/div>\n\t\t\t\t\t\t<\/div>\n\t\t\t\t<\/div>\n\t\t\t\t<div class=\"elementor-element elementor-element-66521cc elementor-widget elementor-widget-heading\" data-id=\"66521cc\" data-element_type=\"widget\" data-widget_type=\"heading.default\">\n\t\t\t\t<div class=\"elementor-widget-container\">\n\t\t\t\t\t<h3 class=\"elementor-heading-title elementor-size-default\">Spicy with bitter aromas and sweetness with flavours of pomerans, gooseberries, wormwood, vanilla and elderflowers. <\/h3>\t\t\t\t<\/div>\n\t\t\t\t<\/div>\n\t\t\t\t<div class=\"elementor-element elementor-element-0e658e2 elementor-widget elementor-widget-text-editor\" data-id=\"0e658e2\" data-element_type=\"widget\" data-widget_type=\"text-editor.default\">\n\t\t\t\t<div class=\"elementor-widget-container\">\n\t\t\t\t\t\t\t\t\t<p id=\"E131\" class=\"qowt-stl-Normalwebb x-scope qowt-word-para-1\">Spicy with bitter aromas and sweetness with flavours of pomerans, gooseberries, wormwood, vanilla and elderflowers.<\/p><p class=\"qowt-stl-Normalwebb x-scope qowt-word-para-1\">Finally we launch our first Lotima Vermouth Rosso which we have been working on for 18 months. We think its very exciting to put Swedish Vermouth, made of our own cultivated grapes, on the map of premium beverages.<br \/>Enjoy Vermouth with ice as an aperitif or as an drink ingredient.<\/p><p class=\"qowt-stl-Normalwebb x-scope qowt-word-para-1\">Enjoy it on the rocks as an apertif or as an drinkingredient.<\/p><p class=\"qowt-stl-Normalwebb x-scope qowt-word-para-1\">Alcohol: 16% vol.<\/p><p class=\"qowt-stl-Normalwebb x-scope qowt-word-para-1\">This Vermouth will be served at chosen restaurants and bars since the first batch is limited. It will be launched in Systembolaget during spring 2023.<\/p><p><a href=\"https:\/\/www.lottenlundestate.se\/wp-content\/uploads\/2022\/05\/Produktblad-Vermouth-Rosso.pdf\" target=\"_blank\" rel=\"noopener\" data-wplink-edit=\"true\"><span style=\"text-decoration: underline;\">Product sheet<\/span><\/a><\/p>\t\t\t\t\t\t\t\t<\/div>\n\t\t\t\t<\/div>\n\t\t\t\t\t<\/div>\n\t\t<\/div>\n\t\t\t\t\t<\/div>\n\t\t<\/section>\n\t\t\t\t<\/div>","protected":false},"excerpt":{"rendered":"<p>Tillbaka Lotima Vermouth Rosso Kryddig n\u00e5got bitter smak med s\u00f6tma och inslag av pomerans, krusb\u00e4r, mal\u00f6rt, vanilj och fl\u00e4der. Kryddig n\u00e5got bitter smak med s\u00f6tma och inslag av pomerans, krusb\u00e4r, mal\u00f6rt, vanilj och fl\u00e4der. \u00c4ntligen lanserar vi v\u00e5r f\u00f6rsta Lotima Vermouth rosso som vi arbetat med under 18 m\u00e5nader. Vi tycker det \u00e4r oerh\u00f6rt sp\u00e4nnande [&hellip;]<\/p>","protected":false},"author":1,"featured_media":0,"parent":0,"menu_order":0,"comment_status":"closed","ping_status":"closed","template":"","meta":{"_seopress_robots_primary_cat":"","_seopress_titles_title":"","_seopress_titles_desc":"","_seopress_robots_index":"","footnotes":""},"Pagecategories":[],"class_list":["post-1935","page","type-page","status-publish","hentry"],"meta_box":[],"_links":{"self":[{"href":"https:\/\/www.lottenlundestate.se\/en\/wp-json\/wp\/v2\/pages\/1935","targetHints":{"allow":["GET"]}}],"collection":[{"href":"https:\/\/www.lottenlundestate.se\/en\/wp-json\/wp\/v2\/pages"}],"about":[{"href":"https:\/\/www.lottenlundestate.se\/en\/wp-json\/wp\/v2\/types\/page"}],"author":[{"embeddable":true,"href":"https:\/\/www.lottenlundestate.se\/en\/wp-json\/wp\/v2\/users\/1"}],"replies":[{"embeddable":true,"href":"https:\/\/www.lottenlundestate.se\/en\/wp-json\/wp\/v2\/comments?post=1935"}],"version-history":[{"count":5,"href":"https:\/\/www.lottenlundestate.se\/en\/wp-json\/wp\/v2\/pages\/1935\/revisions"}],"predecessor-version":[{"id":2466,"href":"https:\/\/www.lottenlundestate.se\/en\/wp-json\/wp\/v2\/pages\/1935\/revisions\/2466"}],"wp:attachment":[{"href":"https:\/\/www.lottenlundestate.se\/en\/wp-json\/wp\/v2\/media?parent=1935"}],"wp:term":[{"taxonomy":"Pagecategories","embeddable":true,"href":"https:\/\/www.lottenlundestate.se\/en\/wp-json\/wp\/v2\/Pagecategories?post=1935"}],"curies":[{"name":"wp","href":"https:\/\/api.w.org\/{rel}","templated":true}]}}