{"id":2039,"date":"2022-05-31T11:42:00","date_gmt":"2022-05-31T09:42:00","guid":{"rendered":"https:\/\/www.lottenlundestate.se\/?page_id=2039"},"modified":"2023-07-27T12:14:10","modified_gmt":"2023-07-27T10:14:10","slug":"laboratorium","status":"publish","type":"page","link":"https:\/\/www.lottenlundestate.se\/en\/laboratorium\/","title":{"rendered":"Laboratory"},"content":{"rendered":"<div data-elementor-type=\"wp-page\" data-elementor-id=\"2039\" class=\"elementor elementor-2039\" data-elementor-post-type=\"page\">\n\t\t\t\t\t\t<section class=\"elementor-section elementor-top-section elementor-element elementor-element-4a9439f elementor-section-height-min-height elementor-section-boxed elementor-section-height-default elementor-section-items-middle\" data-id=\"4a9439f\" data-element_type=\"section\">\n\t\t\t\t\t\t<div class=\"elementor-container elementor-column-gap-no\">\n\t\t\t\t\t<div class=\"elementor-column elementor-col-100 elementor-top-column elementor-element elementor-element-4a91b03\" data-id=\"4a91b03\" data-element_type=\"column\">\n\t\t\t<div class=\"elementor-widget-wrap elementor-element-populated\">\n\t\t\t\t\t\t<div class=\"elementor-element elementor-element-4e487e9 elementor-invisible elementor-widget elementor-widget-heading\" data-id=\"4e487e9\" data-element_type=\"widget\" data-settings=\"{&quot;_animation&quot;:&quot;fadeIn&quot;}\" data-widget_type=\"heading.default\">\n\t\t\t\t<div class=\"elementor-widget-container\">\n\t\t\t\t\t<h3 class=\"elementor-heading-title elementor-size-default\">Lottenlund Estate<\/h3>\t\t\t\t<\/div>\n\t\t\t\t<\/div>\n\t\t\t\t<div class=\"elementor-element elementor-element-247efc4 elementor-invisible elementor-widget elementor-widget-heading\" data-id=\"247efc4\" data-element_type=\"widget\" data-settings=\"{&quot;_animation&quot;:&quot;fadeIn&quot;,&quot;_animation_delay&quot;:&quot;400&quot;}\" data-widget_type=\"heading.default\">\n\t\t\t\t<div class=\"elementor-widget-container\">\n\t\t\t\t\t<h1 class=\"elementor-heading-title elementor-size-default\">LabOratorium<\/h1>\t\t\t\t<\/div>\n\t\t\t\t<\/div>\n\t\t\t\t<div class=\"elementor-element elementor-element-6897549 elementor-widget elementor-widget-text-editor\" data-id=\"6897549\" data-element_type=\"widget\" data-widget_type=\"text-editor.default\">\n\t\t\t\t<div class=\"elementor-widget-container\">\n\t\t\t\t\t\t\t\t\t<p>We offer laboratory analyses for wine and distillate producers in our laboratory at Lottenlund Estate. The analyses are made with the most advanced and precise FTIR Scanner for wine, Anton Paar Lyza 5000. Temperature, humidity and external vibrations have a great impact on FTIR Spectroscopy and Anton Paar eliminates these influences, ensuring standardised measurements that result in reliable, reproducible results even when the analysis is hermetically sealed. We perform analyses for both must and finished wine. We also help wineries with sulphur analysis and there we work with Mettler Toledo and we analyse both Free and Total Sulphur, including reductions in red wine. Since we analyse every day during the harvest period and every week during the rest of the year, we guarantee fast service for our customers.<\/p><p>Protein stability is another important factor for quality wines where proteins are extracted from the grapes during winemaking and can create veils in white and ros\u00e9 wines due to temperature differences. We help you to analyse whether the wine is protein stable and which dose of bentonite clay makes the wine stable in the long term.<\/p>\t\t\t\t\t\t\t\t<\/div>\n\t\t\t\t<\/div>\n\t\t\t\t<div class=\"elementor-element elementor-element-68673c9 elementor-widget elementor-widget-heading\" data-id=\"68673c9\" data-element_type=\"widget\" data-widget_type=\"heading.default\">\n\t\t\t\t<div class=\"elementor-widget-container\">\n\t\t\t\t\t<h3 class=\"elementor-heading-title elementor-size-default\">Price list for laboratory analyses excluding VAT<\/h3>\t\t\t\t<\/div>\n\t\t\t\t<\/div>\n\t\t\t\t<div class=\"elementor-element elementor-element-c1e69b3 elementor-widget elementor-widget-text-editor\" data-id=\"c1e69b3\" data-element_type=\"widget\" data-widget_type=\"text-editor.default\">\n\t\t\t\t<div class=\"elementor-widget-container\">\n\t\t\t\t\t\t\t\t\t<ul><li><span style=\"color: var( --e-global-color-text ); background-color: var( --e-global-color-b6644d4 );\">Protein stability 395 SEK<\/span><\/li><li><span style=\"color: var( --e-global-color-text ); background-color: var( --e-global-color-b6644d4 );\">FTIR analysis 250 SEK\/each or 10 pieces for 2000 SEK<\/span><\/li><li><span style=\"color: var( --e-global-color-text ); background-color: var( --e-global-color-b6644d4 );\">Sulphur analysis Free Sulphur 150 SEK\/each or 10 pieces for 1200 SEK.<\/span><\/li><li>Total sulphur 200 SEK\/each or 10 pieces for 1600 SEK.<\/li><li><span style=\"color: var( --e-global-color-text ); background-color: var( --e-global-color-b6644d4 );\">Alcohol content distillate 150 SEK\/p or 10 pieces for 1000 SEK\/p<\/span><\/li><\/ul><p>At least 100 ml\/wine, distillate or must for all analyses except protein stability where we will<br \/>a minimum of 250 ml\/wine in fully filled containers must be sent by business mail to<br \/>Lottenlund Estate AB<br \/>Lottenlundsv\u00e4gen 2<br \/>254 76 Allerum<\/p><p><b>Contactperson<\/b> Tina Berthelsen<br \/><b>Phone<\/b> 0709-741700<br \/>Ni beh\u00f6ver avisera er s\u00e4ndning innan ni skickar analysflaskorna till oss p\u00e5\u00a0info@lottenlundestate.se.<br \/>Remember to pack carefully and label your samples clearly as requested.\u00a0<\/p>\t\t\t\t\t\t\t\t<\/div>\n\t\t\t\t<\/div>\n\t\t\t\t<div class=\"elementor-element elementor-element-d0405a9 elementor-widget elementor-widget-image\" data-id=\"d0405a9\" data-element_type=\"widget\" data-widget_type=\"image.default\">\n\t\t\t\t<div class=\"elementor-widget-container\">\n\t\t\t\t\t\t\t\t\t\t\t\t\t\t\t<img fetchpriority=\"high\" decoding=\"async\" width=\"690\" height=\"506\" src=\"https:\/\/www.lottenlundestate.se\/wp-content\/uploads\/2022\/05\/laboratorium-csm_Lyza-5000-Wine-05_634f41a505.jpeg\" class=\"attachment-large size-large wp-image-2042\" alt=\"\" srcset=\"https:\/\/www.lottenlundestate.se\/wp-content\/uploads\/2022\/05\/laboratorium-csm_Lyza-5000-Wine-05_634f41a505.jpeg 690w, https:\/\/www.lottenlundestate.se\/wp-content\/uploads\/2022\/05\/laboratorium-csm_Lyza-5000-Wine-05_634f41a505-300x220.jpeg 300w, https:\/\/www.lottenlundestate.se\/wp-content\/uploads\/2022\/05\/laboratorium-csm_Lyza-5000-Wine-05_634f41a505-16x12.jpeg 16w\" sizes=\"(max-width: 690px) 100vw, 690px\" \/>\t\t\t\t\t\t\t\t\t\t\t\t\t\t\t<\/div>\n\t\t\t\t<\/div>\n\t\t\t\t\t<\/div>\n\t\t<\/div>\n\t\t\t\t\t<\/div>\n\t\t<\/section>\n\t\t\t\t<\/div>","protected":false},"excerpt":{"rendered":"<p>Lottenlund Estate LabOratorium Vi erbjuder laboratorieanalyser \u00e5t vin-och destillatproducenter i v\u00e5rt laboratorium p\u00e5 Lottenlund Estate. Analyserna g\u00f6rs med marknadens mest avancerade och precisa FTIR Scanner f\u00f6r vin, Anton Paar Lyza 5000. Temperatur, fuktighet och externa vibrationer har stor p\u00e5verkan p\u00e5 FTIR Spectroskopi och Anton Paar eliminerar dess p\u00e5verkan vilket garanterar standardiserade m\u00e4tningar som resulterar i [&hellip;]<\/p>","protected":false},"author":1,"featured_media":0,"parent":0,"menu_order":0,"comment_status":"closed","ping_status":"closed","template":"","meta":{"_seopress_robots_primary_cat":"","_seopress_titles_title":"","_seopress_titles_desc":"","_seopress_robots_index":"","footnotes":""},"Pagecategories":[],"class_list":["post-2039","page","type-page","status-publish","hentry"],"meta_box":[],"_links":{"self":[{"href":"https:\/\/www.lottenlundestate.se\/en\/wp-json\/wp\/v2\/pages\/2039","targetHints":{"allow":["GET"]}}],"collection":[{"href":"https:\/\/www.lottenlundestate.se\/en\/wp-json\/wp\/v2\/pages"}],"about":[{"href":"https:\/\/www.lottenlundestate.se\/en\/wp-json\/wp\/v2\/types\/page"}],"author":[{"embeddable":true,"href":"https:\/\/www.lottenlundestate.se\/en\/wp-json\/wp\/v2\/users\/1"}],"replies":[{"embeddable":true,"href":"https:\/\/www.lottenlundestate.se\/en\/wp-json\/wp\/v2\/comments?post=2039"}],"version-history":[{"count":5,"href":"https:\/\/www.lottenlundestate.se\/en\/wp-json\/wp\/v2\/pages\/2039\/revisions"}],"predecessor-version":[{"id":2787,"href":"https:\/\/www.lottenlundestate.se\/en\/wp-json\/wp\/v2\/pages\/2039\/revisions\/2787"}],"wp:attachment":[{"href":"https:\/\/www.lottenlundestate.se\/en\/wp-json\/wp\/v2\/media?parent=2039"}],"wp:term":[{"taxonomy":"Pagecategories","embeddable":true,"href":"https:\/\/www.lottenlundestate.se\/en\/wp-json\/wp\/v2\/Pagecategories?post=2039"}],"curies":[{"name":"wp","href":"https:\/\/api.w.org\/{rel}","templated":true}]}}