{"id":2284,"date":"2022-12-13T14:09:01","date_gmt":"2022-12-13T13:09:01","guid":{"rendered":"https:\/\/www.lottenlundestate.se\/?page_id=2284"},"modified":"2023-02-14T15:13:47","modified_gmt":"2023-02-14T14:13:47","slug":"lotima-digestif-2","status":"publish","type":"page","link":"https:\/\/www.lottenlundestate.se\/en\/lotima-digestif-2\/","title":{"rendered":"LOTIMA DIGESTIF"},"content":{"rendered":"<div data-elementor-type=\"wp-page\" data-elementor-id=\"2284\" class=\"elementor elementor-2284\" data-elementor-post-type=\"page\">\n\t\t\t\t\t\t<section class=\"elementor-section elementor-top-section elementor-element elementor-element-402c7ec elementor-section-full_width elementor-section-height-min-height elementor-section-height-default elementor-section-items-middle\" data-id=\"402c7ec\" data-element_type=\"section\">\n\t\t\t\t\t\t<div class=\"elementor-container elementor-column-gap-default\">\n\t\t\t\t\t<div class=\"elementor-column elementor-col-50 elementor-top-column elementor-element elementor-element-c685c32\" data-id=\"c685c32\" data-element_type=\"column\">\n\t\t\t<div class=\"elementor-widget-wrap elementor-element-populated\">\n\t\t\t\t\t\t<div class=\"elementor-element elementor-element-d7626aa elementor-align-left elementor-icon-list--layout-traditional elementor-list-item-link-full_width elementor-widget elementor-widget-icon-list\" data-id=\"d7626aa\" data-element_type=\"widget\" data-widget_type=\"icon-list.default\">\n\t\t\t\t<div class=\"elementor-widget-container\">\n\t\t\t\t\t\t\t<ul class=\"elementor-icon-list-items\">\n\t\t\t\t\t\t\t<li class=\"elementor-icon-list-item\">\n\t\t\t\t\t\t\t\t\t\t\t<a href=\"https:\/\/www.lottenlundestate.se\/en\/destillat\/\">\n\n\t\t\t\t\t\t\t\t\t\t\t\t<span class=\"elementor-icon-list-icon\">\n\t\t\t\t\t\t\t<i aria-hidden=\"true\" class=\"fal fa-long-arrow-left\"><\/i>\t\t\t\t\t\t<\/span>\n\t\t\t\t\t\t\t\t\t\t<span class=\"elementor-icon-list-text\">Back<\/span>\n\t\t\t\t\t\t\t\t\t\t\t<\/a>\n\t\t\t\t\t\t\t\t\t<\/li>\n\t\t\t\t\t\t<\/ul>\n\t\t\t\t\t\t<\/div>\n\t\t\t\t<\/div>\n\t\t\t\t<div class=\"elementor-element elementor-element-a988a37 elementor-widget elementor-widget-image\" data-id=\"a988a37\" data-element_type=\"widget\" data-widget_type=\"image.default\">\n\t\t\t\t<div class=\"elementor-widget-container\">\n\t\t\t\t\t\t\t\t\t\t\t\t\t\t\t<img fetchpriority=\"high\" decoding=\"async\" width=\"392\" height=\"1024\" src=\"https:\/\/www.lottenlundestate.se\/wp-content\/uploads\/2022\/12\/Lotima-Digestif-392x1024.jpg\" class=\"attachment-large size-large wp-image-2276\" alt=\"\" srcset=\"https:\/\/www.lottenlundestate.se\/wp-content\/uploads\/2022\/12\/Lotima-Digestif-392x1024.jpg 392w, https:\/\/www.lottenlundestate.se\/wp-content\/uploads\/2022\/12\/Lotima-Digestif-115x300.jpg 115w, https:\/\/www.lottenlundestate.se\/wp-content\/uploads\/2022\/12\/Lotima-Digestif-588x1536.jpg 588w, https:\/\/www.lottenlundestate.se\/wp-content\/uploads\/2022\/12\/Lotima-Digestif-5x12.jpg 5w, https:\/\/www.lottenlundestate.se\/wp-content\/uploads\/2022\/12\/Lotima-Digestif.jpg 685w\" sizes=\"(max-width: 392px) 100vw, 392px\" \/>\t\t\t\t\t\t\t\t\t\t\t\t\t\t\t<\/div>\n\t\t\t\t<\/div>\n\t\t\t\t\t<\/div>\n\t\t<\/div>\n\t\t\t\t<div class=\"elementor-column elementor-col-50 elementor-top-column elementor-element elementor-element-8c7497e\" data-id=\"8c7497e\" data-element_type=\"column\">\n\t\t\t<div class=\"elementor-widget-wrap elementor-element-populated\">\n\t\t\t\t\t\t<div class=\"elementor-element elementor-element-cc5b45d elementor-invisible elementor-widget elementor-widget-heading\" data-id=\"cc5b45d\" data-element_type=\"widget\" data-settings=\"{&quot;_animation&quot;:&quot;fadeIn&quot;,&quot;_animation_delay&quot;:&quot;400&quot;}\" data-widget_type=\"heading.default\">\n\t\t\t\t<div class=\"elementor-widget-container\">\n\t\t\t\t\t<h5 class=\"elementor-heading-title elementor-size-default\">LOTIMA DIGESTIF<\/h5>\t\t\t\t<\/div>\n\t\t\t\t<\/div>\n\t\t\t\t<div class=\"elementor-element elementor-element-fbbdf67 elementor-widget elementor-widget-text-editor\" data-id=\"fbbdf67\" data-element_type=\"widget\" data-widget_type=\"text-editor.default\">\n\t\t\t\t<div class=\"elementor-widget-container\">\n\t\t\t\t\t\t\t\t\t<p>Volym 40%<\/p>\t\t\t\t\t\t\t\t<\/div>\n\t\t\t\t<\/div>\n\t\t\t\t<div class=\"elementor-element elementor-element-3e891cf elementor-widget-divider--view-line elementor-widget elementor-widget-divider\" data-id=\"3e891cf\" data-element_type=\"widget\" data-widget_type=\"divider.default\">\n\t\t\t\t<div class=\"elementor-widget-container\">\n\t\t\t\t\t\t\t<div class=\"elementor-divider\">\n\t\t\t<span class=\"elementor-divider-separator\">\n\t\t\t\t\t\t<\/span>\n\t\t<\/div>\n\t\t\t\t\t\t<\/div>\n\t\t\t\t<\/div>\n\t\t\t\t<div class=\"elementor-element elementor-element-b5485c8 elementor-widget elementor-widget-heading\" data-id=\"b5485c8\" data-element_type=\"widget\" data-widget_type=\"heading.default\">\n\t\t\t\t<div class=\"elementor-widget-container\">\n\t\t\t\t\t<h3 class=\"elementor-heading-title elementor-size-default\">Fruity, powerful flavor with notes of peer, apricot, hay and sweet almond.<\/h3>\t\t\t\t<\/div>\n\t\t\t\t<\/div>\n\t\t\t\t<div class=\"elementor-element elementor-element-35a077f elementor-widget elementor-widget-text-editor\" data-id=\"35a077f\" data-element_type=\"widget\" data-widget_type=\"text-editor.default\">\n\t\t\t\t<div class=\"elementor-widget-container\">\n\t\t\t\t\t\t\t\t\t<p style=\"font-weight: 400;\">Framst\u00e4llningen av druvrestdestillat \u00e4r en naturlig del av vinprocessen d\u00e4r man tar vara p\u00e5 alla delar av druvorna som vi varsamt n\u00e4rt under \u00e5ret, i form av pressrester. Beroende p\u00e5 var i v\u00e4rlden man befinner sig s\u00e5 g\u00e5r druvrestdestillat under olika namn, som Grappa i Italien eller Marc i Frankrike. D\u00e5 det \u00e4nnu inte finns ett etablerat namn h\u00e4r i Sverige, har vi valt att d\u00f6pa v\u00e5r produkt till Lotima Digestif.<\/p><p style=\"font-weight: 400;\">V\u00e5r Digestif \u00e4r en spegling av vin\u00e5rets sk\u00f6rd d\u00e4r vi varje \u00e5r producerar en unik smakprofil beroende p\u00e5 \u00e5rets valda druvsorter, d\u00e4r endast de b\u00e4sta druvorna anv\u00e4nds till vidaref\u00f6r\u00e4dling. Prim\u00e4rt anv\u00e4nder vi oss av en bas p\u00e5 v\u00e5ra vita druvor som alltid uppn\u00e5r en h\u00f6g kvalitet, Solaris och Muscaris, men de \u00e5r v\u00e5ra andra druvor uppn\u00e5r exceptionell kvalit\u00e9 s\u00e5 anv\u00e4nds dessa f\u00f6r \u00f6kad komplexitet.\u00a0En perfekt avrundning p\u00e5 en middag<\/p><p style=\"font-weight: 400;\"><a href=\"http:\/\/shop.lottenlundestate.se\">To Shop<\/a><\/p>\t\t\t\t\t\t\t\t<\/div>\n\t\t\t\t<\/div>\n\t\t\t\t\t<\/div>\n\t\t<\/div>\n\t\t\t\t\t<\/div>\n\t\t<\/section>\n\t\t\t\t<\/div>","protected":false},"excerpt":{"rendered":"<p>Tillbaka LOTIMA DIGESTIF Volym 40% Fruktig, robust smak med inslag av p\u00e4ron, aprikosk\u00e4rnor, halm och mandelmassa. Framst\u00e4llningen av druvrestdestillat \u00e4r en naturlig del av vinprocessen d\u00e4r man tar vara p\u00e5 alla delar av druvorna som vi varsamt n\u00e4rt under \u00e5ret, i form av pressrester. Beroende p\u00e5 var i v\u00e4rlden man befinner sig s\u00e5 g\u00e5r druvrestdestillat [&hellip;]<\/p>","protected":false},"author":1,"featured_media":0,"parent":0,"menu_order":0,"comment_status":"closed","ping_status":"closed","template":"","meta":{"_seopress_robots_primary_cat":"","_seopress_titles_title":"","_seopress_titles_desc":"","_seopress_robots_index":"","footnotes":""},"Pagecategories":[],"class_list":["post-2284","page","type-page","status-publish","hentry"],"meta_box":[],"_links":{"self":[{"href":"https:\/\/www.lottenlundestate.se\/en\/wp-json\/wp\/v2\/pages\/2284","targetHints":{"allow":["GET"]}}],"collection":[{"href":"https:\/\/www.lottenlundestate.se\/en\/wp-json\/wp\/v2\/pages"}],"about":[{"href":"https:\/\/www.lottenlundestate.se\/en\/wp-json\/wp\/v2\/types\/page"}],"author":[{"embeddable":true,"href":"https:\/\/www.lottenlundestate.se\/en\/wp-json\/wp\/v2\/users\/1"}],"replies":[{"embeddable":true,"href":"https:\/\/www.lottenlundestate.se\/en\/wp-json\/wp\/v2\/comments?post=2284"}],"version-history":[{"count":5,"href":"https:\/\/www.lottenlundestate.se\/en\/wp-json\/wp\/v2\/pages\/2284\/revisions"}],"predecessor-version":[{"id":2374,"href":"https:\/\/www.lottenlundestate.se\/en\/wp-json\/wp\/v2\/pages\/2284\/revisions\/2374"}],"wp:attachment":[{"href":"https:\/\/www.lottenlundestate.se\/en\/wp-json\/wp\/v2\/media?parent=2284"}],"wp:term":[{"taxonomy":"Pagecategories","embeddable":true,"href":"https:\/\/www.lottenlundestate.se\/en\/wp-json\/wp\/v2\/Pagecategories?post=2284"}],"curies":[{"name":"wp","href":"https:\/\/api.w.org\/{rel}","templated":true}]}}