{"id":2285,"date":"2022-12-13T14:09:10","date_gmt":"2022-12-13T13:09:10","guid":{"rendered":"https:\/\/www.lottenlundestate.se\/?page_id=2285"},"modified":"2023-03-23T10:25:59","modified_gmt":"2023-03-23T09:25:59","slug":"spirit-of-sweden-no-1","status":"publish","type":"page","link":"https:\/\/www.lottenlundestate.se\/en\/spirit-of-sweden-no-1\/","title":{"rendered":"SPIRIT OF SWEDEN NO.1"},"content":{"rendered":"<div data-elementor-type=\"wp-page\" data-elementor-id=\"2285\" class=\"elementor elementor-2285\" data-elementor-post-type=\"page\">\n\t\t\t\t\t\t<section class=\"elementor-section elementor-top-section elementor-element elementor-element-52bdb27 elementor-section-full_width elementor-section-height-min-height elementor-section-height-default elementor-section-items-middle\" data-id=\"52bdb27\" data-element_type=\"section\">\n\t\t\t\t\t\t<div class=\"elementor-container elementor-column-gap-default\">\n\t\t\t\t\t<div class=\"elementor-column elementor-col-50 elementor-top-column elementor-element elementor-element-f06a9fe\" data-id=\"f06a9fe\" data-element_type=\"column\">\n\t\t\t<div class=\"elementor-widget-wrap elementor-element-populated\">\n\t\t\t\t\t\t<div class=\"elementor-element elementor-element-13654b6 elementor-align-left elementor-icon-list--layout-traditional elementor-list-item-link-full_width elementor-widget elementor-widget-icon-list\" data-id=\"13654b6\" data-element_type=\"widget\" data-widget_type=\"icon-list.default\">\n\t\t\t\t<div class=\"elementor-widget-container\">\n\t\t\t\t\t\t\t<ul class=\"elementor-icon-list-items\">\n\t\t\t\t\t\t\t<li class=\"elementor-icon-list-item\">\n\t\t\t\t\t\t\t\t\t\t\t<a href=\"https:\/\/www.lottenlundestate.se\/en\/destillat\/\">\n\n\t\t\t\t\t\t\t\t\t\t\t\t<span class=\"elementor-icon-list-icon\">\n\t\t\t\t\t\t\t<i aria-hidden=\"true\" class=\"fal fa-long-arrow-left\"><\/i>\t\t\t\t\t\t<\/span>\n\t\t\t\t\t\t\t\t\t\t<span class=\"elementor-icon-list-text\">Back<\/span>\n\t\t\t\t\t\t\t\t\t\t\t<\/a>\n\t\t\t\t\t\t\t\t\t<\/li>\n\t\t\t\t\t\t<\/ul>\n\t\t\t\t\t\t<\/div>\n\t\t\t\t<\/div>\n\t\t\t\t<div class=\"elementor-element elementor-element-bd58aeb elementor-widget elementor-widget-image\" data-id=\"bd58aeb\" data-element_type=\"widget\" data-widget_type=\"image.default\">\n\t\t\t\t<div class=\"elementor-widget-container\">\n\t\t\t\t\t\t\t\t\t\t\t\t\t\t\t<img fetchpriority=\"high\" decoding=\"async\" width=\"747\" height=\"1024\" src=\"https:\/\/www.lottenlundestate.se\/wp-content\/uploads\/2022\/12\/IMG_4339-747x1024.jpg\" class=\"attachment-large size-large wp-image-2277\" alt=\"\" srcset=\"https:\/\/www.lottenlundestate.se\/wp-content\/uploads\/2022\/12\/IMG_4339-747x1024.jpg 747w, https:\/\/www.lottenlundestate.se\/wp-content\/uploads\/2022\/12\/IMG_4339-219x300.jpg 219w, https:\/\/www.lottenlundestate.se\/wp-content\/uploads\/2022\/12\/IMG_4339-768x1053.jpg 768w, https:\/\/www.lottenlundestate.se\/wp-content\/uploads\/2022\/12\/IMG_4339-9x12.jpg 9w, https:\/\/www.lottenlundestate.se\/wp-content\/uploads\/2022\/12\/IMG_4339.jpg 1004w\" sizes=\"(max-width: 747px) 100vw, 747px\" \/>\t\t\t\t\t\t\t\t\t\t\t\t\t\t\t<\/div>\n\t\t\t\t<\/div>\n\t\t\t\t\t<\/div>\n\t\t<\/div>\n\t\t\t\t<div class=\"elementor-column elementor-col-50 elementor-top-column elementor-element elementor-element-f02420b\" data-id=\"f02420b\" data-element_type=\"column\">\n\t\t\t<div class=\"elementor-widget-wrap elementor-element-populated\">\n\t\t\t\t\t\t<div class=\"elementor-element elementor-element-abcb95c elementor-invisible elementor-widget elementor-widget-heading\" data-id=\"abcb95c\" data-element_type=\"widget\" data-settings=\"{&quot;_animation&quot;:&quot;fadeIn&quot;,&quot;_animation_delay&quot;:&quot;400&quot;}\" data-widget_type=\"heading.default\">\n\t\t\t\t<div class=\"elementor-widget-container\">\n\t\t\t\t\t<h5 class=\"elementor-heading-title elementor-size-default\">SPIRIT OF SWEDEN NO.1, <\/h5>\t\t\t\t<\/div>\n\t\t\t\t<\/div>\n\t\t\t\t<div class=\"elementor-element elementor-element-4328200 elementor-widget elementor-widget-text-editor\" data-id=\"4328200\" data-element_type=\"widget\" data-widget_type=\"text-editor.default\">\n\t\t\t\t<div class=\"elementor-widget-container\">\n\t\t\t\t\t\t\t\t\t<p>Volym 40%<\/p>\t\t\t\t\t\t\t\t<\/div>\n\t\t\t\t<\/div>\n\t\t\t\t<div class=\"elementor-element elementor-element-53992e1 elementor-widget-divider--view-line elementor-widget elementor-widget-divider\" data-id=\"53992e1\" data-element_type=\"widget\" data-widget_type=\"divider.default\">\n\t\t\t\t<div class=\"elementor-widget-container\">\n\t\t\t\t\t\t\t<div class=\"elementor-divider\">\n\t\t\t<span class=\"elementor-divider-separator\">\n\t\t\t\t\t\t<\/span>\n\t\t<\/div>\n\t\t\t\t\t\t<\/div>\n\t\t\t\t<\/div>\n\t\t\t\t<div class=\"elementor-element elementor-element-acd02dd elementor-widget elementor-widget-text-editor\" data-id=\"acd02dd\" data-element_type=\"widget\" data-widget_type=\"text-editor.default\">\n\t\t\t\t<div class=\"elementor-widget-container\">\n\t\t\t\t\t\t\t\t\t<p style=\"font-weight: 400;\">V\u00e5r f\u00f6rsta samlingsbox med en unik avec-trio som vi skapat under destilleriets tv\u00e5 \u00e5r. Det ligger 3 olika druvdestillat i l\u00e5dan med 40% vol och 50 cl. Med i l\u00e5dan finns ett trevligt brev fr\u00e5n br\u00e4nnarm\u00e4stare David Orre som beskriver l\u00e5dan. En perfekt present till destillat\u00e4lskaren eller varf\u00f6r inte genomf\u00f6ra en grappakv\u00e4ll med v\u00e4nnerna.<\/p><p style=\"font-weight: 400;\">Endast 100 l\u00e5dor finns att tillg\u00e5 och f\u00f6rst till kvarn g\u00e4ller. Produkten g\u00e5r att best\u00e4lla till alla butiker i hela Sverige.<\/p><p><a href=\"https:\/\/www.systembolaget.se\/produkt\/sprit\/spirit-of-sweden-no-1-5946309\/\">To Systembolaget<\/a><\/p>\t\t\t\t\t\t\t\t<\/div>\n\t\t\t\t<\/div>\n\t\t\t\t\t<\/div>\n\t\t<\/div>\n\t\t\t\t\t<\/div>\n\t\t<\/section>\n\t\t\t\t<\/div>","protected":false},"excerpt":{"rendered":"<p>Tillbaka SPIRIT OF SWEDEN NO.1, Volym 40% V\u00e5r f\u00f6rsta samlingsbox med en unik avec-trio som vi skapat under destilleriets tv\u00e5 \u00e5r. Det ligger 3 olika druvdestillat i l\u00e5dan med 40% vol och 50 cl. Med i l\u00e5dan finns ett trevligt brev fr\u00e5n br\u00e4nnarm\u00e4stare David Orre som beskriver l\u00e5dan. En perfekt present till destillat\u00e4lskaren eller varf\u00f6r [&hellip;]<\/p>","protected":false},"author":1,"featured_media":0,"parent":0,"menu_order":0,"comment_status":"closed","ping_status":"closed","template":"","meta":{"_seopress_robots_primary_cat":"","_seopress_titles_title":"","_seopress_titles_desc":"","_seopress_robots_index":"","footnotes":""},"Pagecategories":[],"class_list":["post-2285","page","type-page","status-publish","hentry"],"meta_box":[],"_links":{"self":[{"href":"https:\/\/www.lottenlundestate.se\/en\/wp-json\/wp\/v2\/pages\/2285","targetHints":{"allow":["GET"]}}],"collection":[{"href":"https:\/\/www.lottenlundestate.se\/en\/wp-json\/wp\/v2\/pages"}],"about":[{"href":"https:\/\/www.lottenlundestate.se\/en\/wp-json\/wp\/v2\/types\/page"}],"author":[{"embeddable":true,"href":"https:\/\/www.lottenlundestate.se\/en\/wp-json\/wp\/v2\/users\/1"}],"replies":[{"embeddable":true,"href":"https:\/\/www.lottenlundestate.se\/en\/wp-json\/wp\/v2\/comments?post=2285"}],"version-history":[{"count":5,"href":"https:\/\/www.lottenlundestate.se\/en\/wp-json\/wp\/v2\/pages\/2285\/revisions"}],"predecessor-version":[{"id":2498,"href":"https:\/\/www.lottenlundestate.se\/en\/wp-json\/wp\/v2\/pages\/2285\/revisions\/2498"}],"wp:attachment":[{"href":"https:\/\/www.lottenlundestate.se\/en\/wp-json\/wp\/v2\/media?parent=2285"}],"wp:term":[{"taxonomy":"Pagecategories","embeddable":true,"href":"https:\/\/www.lottenlundestate.se\/en\/wp-json\/wp\/v2\/Pagecategories?post=2285"}],"curies":[{"name":"wp","href":"https:\/\/api.w.org\/{rel}","templated":true}]}}