{"id":2936,"date":"2023-09-19T16:07:15","date_gmt":"2023-09-19T14:07:15","guid":{"rendered":"https:\/\/www.lottenlundestate.se\/?page_id=2936"},"modified":"2025-04-24T13:16:45","modified_gmt":"2025-04-24T11:16:45","slug":"lottenlunds-vinsallskap","status":"publish","type":"page","link":"https:\/\/www.lottenlundestate.se\/en\/lottenlunds-vinsallskap\/","title":{"rendered":"Lottenlund Winesociety"},"content":{"rendered":"<div data-elementor-type=\"wp-page\" data-elementor-id=\"2936\" class=\"elementor elementor-2936\" data-elementor-post-type=\"page\">\n\t\t\t\t\t\t<section class=\"elementor-section elementor-top-section elementor-element elementor-element-58dd7bf elementor-section-boxed elementor-section-height-default elementor-section-height-default\" data-id=\"58dd7bf\" data-element_type=\"section\">\n\t\t\t\t\t\t<div class=\"elementor-container elementor-column-gap-default\">\n\t\t\t\t\t<div class=\"elementor-column elementor-col-50 elementor-top-column elementor-element elementor-element-a518e5f\" data-id=\"a518e5f\" data-element_type=\"column\">\n\t\t\t<div class=\"elementor-widget-wrap elementor-element-populated\">\n\t\t\t\t\t\t<div class=\"elementor-element elementor-element-afa9e8e elementor-widget elementor-widget-image\" data-id=\"afa9e8e\" data-element_type=\"widget\" data-widget_type=\"image.default\">\n\t\t\t\t<div class=\"elementor-widget-container\">\n\t\t\t\t\t\t\t\t\t\t\t\t\t\t\t<img fetchpriority=\"high\" decoding=\"async\" width=\"2560\" height=\"1706\" src=\"https:\/\/www.lottenlundestate.se\/wp-content\/uploads\/2025\/04\/Traktor-scaled.jpg\" class=\"attachment-full size-full wp-image-3627\" alt=\"\" srcset=\"https:\/\/www.lottenlundestate.se\/wp-content\/uploads\/2025\/04\/Traktor-scaled.jpg 2560w, https:\/\/www.lottenlundestate.se\/wp-content\/uploads\/2025\/04\/Traktor-300x200.jpg 300w, https:\/\/www.lottenlundestate.se\/wp-content\/uploads\/2025\/04\/Traktor-1024x682.jpg 1024w, https:\/\/www.lottenlundestate.se\/wp-content\/uploads\/2025\/04\/Traktor-768x512.jpg 768w, https:\/\/www.lottenlundestate.se\/wp-content\/uploads\/2025\/04\/Traktor-1536x1024.jpg 1536w, https:\/\/www.lottenlundestate.se\/wp-content\/uploads\/2025\/04\/Traktor-2048x1365.jpg 2048w, https:\/\/www.lottenlundestate.se\/wp-content\/uploads\/2025\/04\/Traktor-18x12.jpg 18w\" sizes=\"(max-width: 2560px) 100vw, 2560px\" \/>\t\t\t\t\t\t\t\t\t\t\t\t\t\t\t<\/div>\n\t\t\t\t<\/div>\n\t\t\t\t\t<\/div>\n\t\t<\/div>\n\t\t\t\t<div class=\"elementor-column elementor-col-50 elementor-top-column elementor-element elementor-element-29ec3b2\" data-id=\"29ec3b2\" data-element_type=\"column\">\n\t\t\t<div class=\"elementor-widget-wrap elementor-element-populated\">\n\t\t\t\t\t\t<div class=\"elementor-element elementor-element-47517ed elementor-invisible elementor-widget elementor-widget-heading\" data-id=\"47517ed\" data-element_type=\"widget\" data-settings=\"{&quot;_animation&quot;:&quot;fadeInUp&quot;,&quot;_animation_delay&quot;:200}\" data-widget_type=\"heading.default\">\n\t\t\t\t<div class=\"elementor-widget-container\">\n\t\t\t\t\t<h1 class=\"elementor-heading-title elementor-size-default\">vins\u00e4llskap<\/h1>\t\t\t\t<\/div>\n\t\t\t\t<\/div>\n\t\t\t\t<div class=\"elementor-element elementor-element-128c6bc elementor-widget elementor-widget-text-editor\" data-id=\"128c6bc\" data-element_type=\"widget\" data-widget_type=\"text-editor.default\">\n\t\t\t\t<div class=\"elementor-widget-container\">\n\t\t\t\t\t\t\t\t\t<p><span style=\"background-color: var( --e-global-color-b6644d4 ); color: #444443; font-family: Questrial, sans-serif; font-size: 14px; letter-spacing: 1.8px;\">Lottenlund's Wine Society is a wine club for wine lovers who are committed to exploring and<\/span><\/p>\n<p><span style=\"font-size: 14px; letter-spacing: 1.8px; color: #444443; font-family: Questrial, sans-serif; background-color: var( --e-global-color-b6644d4 );\">As a member, you are offered a platform for community and knowledge exchange where members can share their passion for wine and in particular Swedish wine and learn from each other. We meet several times a year within the wine society and in the autumn we invite you to a harvest party. We harvest both weekdays and weekends starting at the end of September and the harvest usually lasts about 4 weeks.<\/span><\/p>\n<p><span style=\"font-size: 14px; letter-spacing: 1.8px; color: #444443; font-family: Questrial, sans-serif; background-color: var( --e-global-color-b6644d4 );\">As a member of our wine society, you will be offered advance information on upcoming wine releases, VIP invitations and discount on vineyardtours.<\/span><\/p>\n<p><span style=\"font-size: 14px; letter-spacing: 1.8px; color: #444443; font-family: Questrial, sans-serif; background-color: var( --e-global-color-b6644d4 );\">Due to current legislation, a membership is required for this type of event and the membership fee is a one-off amount of 125:- paid via swish to 123 060 2771.<\/span><\/p>\n<p><span style=\"font-size: 14px; letter-spacing: 1.8px; color: #444443; font-family: Questrial, sans-serif; background-color: var( --e-global-color-b6644d4 );\">Enter your email address in the message. We will send you a receipt and more information by email.<\/span><\/p>\n<p><span style=\"font-size: 14px; letter-spacing: 1.8px; color: #444443; font-family: Questrial, sans-serif; background-color: var( --e-global-color-b6644d4 );\">A warm welcome to the Lottenlund Wine Society!<\/span><\/p>\t\t\t\t\t\t\t\t<\/div>\n\t\t\t\t<\/div>\n\t\t\t\t\t<\/div>\n\t\t<\/div>\n\t\t\t\t\t<\/div>\n\t\t<\/section>\n\t\t\t\t<\/div>","protected":false},"excerpt":{"rendered":"<p>vins\u00e4llskap Lottenlunds vins\u00e4llskap \u00e4r en vinklubb f\u00f6r vin\u00e4lskare som str\u00e4var efter att utforska och uppskatta den svenska vinv\u00e4rlden. Som medlem erbjuds man en plattform f\u00f6r gemenskap och kunskapsutbyte d\u00e4r medlemmarna kan dela sin passion f\u00f6r vin och i synnerhet svenskt vin och l\u00e4ra sig av varandra. Vi tr\u00e4ffas flera g\u00e5nger per \u00e5r inom vins\u00e4llskapet och [&hellip;]<\/p>","protected":false},"author":1,"featured_media":0,"parent":0,"menu_order":0,"comment_status":"closed","ping_status":"closed","template":"","meta":{"_seopress_robots_primary_cat":"","_seopress_titles_title":"","_seopress_titles_desc":"","_seopress_robots_index":"","footnotes":""},"Pagecategories":[],"class_list":["post-2936","page","type-page","status-publish","hentry"],"meta_box":[],"_links":{"self":[{"href":"https:\/\/www.lottenlundestate.se\/en\/wp-json\/wp\/v2\/pages\/2936","targetHints":{"allow":["GET"]}}],"collection":[{"href":"https:\/\/www.lottenlundestate.se\/en\/wp-json\/wp\/v2\/pages"}],"about":[{"href":"https:\/\/www.lottenlundestate.se\/en\/wp-json\/wp\/v2\/types\/page"}],"author":[{"embeddable":true,"href":"https:\/\/www.lottenlundestate.se\/en\/wp-json\/wp\/v2\/users\/1"}],"replies":[{"embeddable":true,"href":"https:\/\/www.lottenlundestate.se\/en\/wp-json\/wp\/v2\/comments?post=2936"}],"version-history":[{"count":18,"href":"https:\/\/www.lottenlundestate.se\/en\/wp-json\/wp\/v2\/pages\/2936\/revisions"}],"predecessor-version":[{"id":3630,"href":"https:\/\/www.lottenlundestate.se\/en\/wp-json\/wp\/v2\/pages\/2936\/revisions\/3630"}],"wp:attachment":[{"href":"https:\/\/www.lottenlundestate.se\/en\/wp-json\/wp\/v2\/media?parent=2936"}],"wp:term":[{"taxonomy":"Pagecategories","embeddable":true,"href":"https:\/\/www.lottenlundestate.se\/en\/wp-json\/wp\/v2\/Pagecategories?post=2936"}],"curies":[{"name":"wp","href":"https:\/\/api.w.org\/{rel}","templated":true}]}}