{"id":3634,"date":"2025-04-25T09:15:23","date_gmt":"2025-04-25T07:15:23","guid":{"rendered":"https:\/\/www.lottenlundestate.se\/?page_id=3634"},"modified":"2026-04-02T19:43:37","modified_gmt":"2026-04-02T17:43:37","slug":"gardsbutik","status":"publish","type":"page","link":"https:\/\/www.lottenlundestate.se\/en\/gardsbutik\/","title":{"rendered":"G\u00e5rdsbutik"},"content":{"rendered":"<div data-elementor-type=\"wp-page\" data-elementor-id=\"3634\" class=\"elementor elementor-3634\" data-elementor-post-type=\"page\">\n\t\t\t\t\t\t<section class=\"elementor-section elementor-top-section elementor-element elementor-element-4323e76 elementor-section-full_width elementor-section-height-min-height elementor-section-content-middle elementor-reverse-mobile elementor-section-height-default elementor-section-items-middle\" data-id=\"4323e76\" data-element_type=\"section\">\n\t\t\t\t\t\t<div class=\"elementor-container elementor-column-gap-default\">\n\t\t\t\t\t<div class=\"elementor-column elementor-col-50 elementor-top-column elementor-element elementor-element-c7ab1ae\" data-id=\"c7ab1ae\" data-element_type=\"column\">\n\t\t\t<div class=\"elementor-widget-wrap elementor-element-populated\">\n\t\t\t\t\t\t<div class=\"elementor-element elementor-element-56bb4ba elementor-invisible elementor-widget elementor-widget-heading\" data-id=\"56bb4ba\" data-element_type=\"widget\" data-settings=\"{&quot;_animation&quot;:&quot;fadeIn&quot;,&quot;_animation_delay&quot;:&quot;400&quot;}\" data-widget_type=\"heading.default\">\n\t\t\t\t<div class=\"elementor-widget-container\">\n\t\t\t\t\t<h1 class=\"elementor-heading-title elementor-size-default\">G\u00e5rdsbutik<\/h1>\t\t\t\t<\/div>\n\t\t\t\t<\/div>\n\t\t\t\t<div class=\"elementor-element elementor-element-c526e6a elementor-invisible elementor-widget elementor-widget-text-editor\" data-id=\"c526e6a\" data-element_type=\"widget\" data-settings=\"{&quot;_animation&quot;:&quot;fadeIn&quot;,&quot;_animation_delay&quot;:400}\" data-widget_type=\"text-editor.default\">\n\t\t\t\t<div class=\"elementor-widget-container\">\n\t\t\t\t\t\t\t\t\t<p>\u00d6PPETTIDER UNDER APRIL &#8211; MAJ&nbsp; 2026<\/p>\n<p>L\u00d6RDAGAR&nbsp; KL. 13.00-15.00<\/p><p>P\u00c5SKAFTON 4 APRIL \u00c4R BUTIKEN ST\u00c4NGD.&nbsp;<\/p>\n<p>Vi har guidade turer som \u00e4r bokningsbara via v\u00e5r hemsida&nbsp;<span style=\"text-decoration: underline;\"><strong><a href=\"https:\/\/nortic.se\/ticket\/event\/69287\">here <\/a><\/strong><\/span>eller via drop in kl 13.30 l\u00f6rdagar.&nbsp; D\u00e4refter ut\u00f6kar vi \u00f6ppettiderna. H\u00e5ll utkik h\u00e4r och p\u00e5 v\u00e5ra sociala medier.&nbsp;<\/p>\n<p>\u00d6nskar ni k\u00f6pa presentkort g\u00e5r det utm\u00e4rkt att g\u00f6ra via email. Skriv till oss p\u00e5 visit@lottenlundestate.se s\u00e5 svarar vi oftast inom 24 h.&nbsp;<\/p>\n<p>N\u00e4r vi har st\u00e4ngt i g\u00e5rdsbutiken hittar ni v\u00e5ra produkter p\u00e5 de lokala Systembolagsbutikerna och som best\u00e4llningsvara d\u00e4r vi levererar fritt i hela Sverige.&nbsp;<\/p>\t\t\t\t\t\t\t\t<\/div>\n\t\t\t\t<\/div>\n\t\t\t\t\t<\/div>\n\t\t<\/div>\n\t\t\t\t<div class=\"elementor-column elementor-col-50 elementor-top-column elementor-element elementor-element-617a8fe\" data-id=\"617a8fe\" data-element_type=\"column\">\n\t\t\t<div class=\"elementor-widget-wrap elementor-element-populated\">\n\t\t\t\t\t\t<div class=\"elementor-element elementor-element-af22201 elementor-widget elementor-widget-image\" data-id=\"af22201\" data-element_type=\"widget\" data-widget_type=\"image.default\">\n\t\t\t\t<div class=\"elementor-widget-container\">\n\t\t\t\t\t\t\t\t\t\t\t\t\t\t\t<img fetchpriority=\"high\" decoding=\"async\" width=\"800\" height=\"1000\" src=\"https:\/\/www.lottenlundestate.se\/wp-content\/uploads\/2022\/01\/ATS3135-819x1024.webp\" class=\"attachment-large size-large wp-image-106\" alt=\"\" srcset=\"https:\/\/www.lottenlundestate.se\/wp-content\/uploads\/2022\/01\/ATS3135-819x1024.webp 819w, https:\/\/www.lottenlundestate.se\/wp-content\/uploads\/2022\/01\/ATS3135-240x300.webp 240w, https:\/\/www.lottenlundestate.se\/wp-content\/uploads\/2022\/01\/ATS3135-768x960.webp 768w, https:\/\/www.lottenlundestate.se\/wp-content\/uploads\/2022\/01\/ATS3135-1229x1536.webp 1229w, https:\/\/www.lottenlundestate.se\/wp-content\/uploads\/2022\/01\/ATS3135-1639x2048.webp 1639w, https:\/\/www.lottenlundestate.se\/wp-content\/uploads\/2022\/01\/ATS3135-10x12.webp 10w, https:\/\/www.lottenlundestate.se\/wp-content\/uploads\/2022\/01\/ATS3135.webp 1957w\" sizes=\"(max-width: 800px) 100vw, 800px\" \/>\t\t\t\t\t\t\t\t\t\t\t\t\t\t\t<\/div>\n\t\t\t\t<\/div>\n\t\t\t\t\t<\/div>\n\t\t<\/div>\n\t\t\t\t\t<\/div>\n\t\t<\/section>\n\t\t\t\t<section class=\"elementor-section elementor-top-section elementor-element elementor-element-f5d46f2 elementor-section-boxed elementor-section-height-default elementor-section-height-default\" data-id=\"f5d46f2\" data-element_type=\"section\">\n\t\t\t\t\t\t<div class=\"elementor-container elementor-column-gap-default\">\n\t\t\t\t\t<div class=\"elementor-column elementor-col-100 elementor-top-column elementor-element elementor-element-0f789ef\" data-id=\"0f789ef\" data-element_type=\"column\">\n\t\t\t<div class=\"elementor-widget-wrap elementor-element-populated\">\n\t\t\t\t\t\t<div class=\"elementor-element elementor-element-e0980fc elementor-widget elementor-widget-text-editor\" data-id=\"e0980fc\" data-element_type=\"widget\" data-widget_type=\"text-editor.default\">\n\t\t\t\t<div class=\"elementor-widget-container\">\n\t\t\t\t\t\t\t\t\t<p>Den 1 juni 2025 invigdes v\u00e5r g\u00e5rdsbutik p\u00e5 Lottenlund och Helsing distillery, n\u00e4r den nya lagen om g\u00e5rdsf\u00f6rs\u00e4ljning tr\u00e4dde i kraft.&nbsp;<\/p>\n<p>I butiken erbjuder vi f\u00f6rs\u00e4ljning och provsmakning av de drycker vi producerar p\u00e5 g\u00e5rden. Det finns ocks\u00e5 sk\u00e5nsk tonic, \u00e4ppelmust och honung fr\u00e5n g\u00e5rden, presentartiklar och glas.&nbsp;<\/p>\n<p>F\u00f6r att k\u00f6pa de alkoholhaltiga dryckerna kr\u00e4vs ett kunskapsh\u00f6jande evenemang i minst 30 minuter och v\u00e5rt kortaste paket ligger p\u00e5 95 kr och d\u00e5 ing\u00e5r en ving\u00e5rdsvandring sommartid och visning i vineri vintertid i 30 minuter. Till vinerivisningen kan ni k\u00f6pa till en miniprovning med tv\u00e5 viner. Dessa finns bokningsbara <span style=\"text-decoration: underline;\"><strong><a href=\"https:\/\/nortic.se\/ticket\/organizer\/2885\">here<\/a>.<\/strong><\/span> Det g\u00e5r utm\u00e4rkt att komma drop in ocks\u00e5 enligt de tider som presenteras men med begr\u00e4nsad plats.&nbsp;<\/p>\n<p><\/p>\n<p>Ni hittar mer information om v\u00e5ra olika vin och ginprovningar&nbsp;<span style=\"text-decoration: underline;\"><strong><a href=\"https:\/\/nortic.se\/ticket\/organizer\/2885\">h\u00e4r.<\/a><\/strong><\/span><\/p>\t\t\t\t\t\t\t\t<\/div>\n\t\t\t\t<\/div>\n\t\t\t\t\t<\/div>\n\t\t<\/div>\n\t\t\t\t\t<\/div>\n\t\t<\/section>\n\t\t\t\t<\/div>","protected":false},"excerpt":{"rendered":"<p>G\u00e5rdsbutik \u00d6PPETTIDER UNDER APRIL &#8211; MAJ&nbsp; 2026 L\u00d6RDAGAR&nbsp; KL. 13.00-15.00 P\u00c5SKAFTON 4 APRIL \u00c4R BUTIKEN ST\u00c4NGD.&nbsp; Vi har guidade turer som \u00e4r bokningsbara via v\u00e5r hemsida&nbsp;h\u00e4r eller via drop in kl 13.30 l\u00f6rdagar.&nbsp; D\u00e4refter ut\u00f6kar vi \u00f6ppettiderna. H\u00e5ll utkik h\u00e4r och p\u00e5 v\u00e5ra sociala medier.&nbsp; \u00d6nskar ni k\u00f6pa presentkort g\u00e5r det utm\u00e4rkt att g\u00f6ra via [&hellip;]<\/p>","protected":false},"author":3,"featured_media":0,"parent":0,"menu_order":0,"comment_status":"closed","ping_status":"closed","template":"","meta":{"_seopress_robots_primary_cat":"","_seopress_titles_title":"","_seopress_titles_desc":"","_seopress_robots_index":"","footnotes":""},"Pagecategories":[],"class_list":["post-3634","page","type-page","status-publish","hentry"],"meta_box":[],"_links":{"self":[{"href":"https:\/\/www.lottenlundestate.se\/en\/wp-json\/wp\/v2\/pages\/3634","targetHints":{"allow":["GET"]}}],"collection":[{"href":"https:\/\/www.lottenlundestate.se\/en\/wp-json\/wp\/v2\/pages"}],"about":[{"href":"https:\/\/www.lottenlundestate.se\/en\/wp-json\/wp\/v2\/types\/page"}],"author":[{"embeddable":true,"href":"https:\/\/www.lottenlundestate.se\/en\/wp-json\/wp\/v2\/users\/3"}],"replies":[{"embeddable":true,"href":"https:\/\/www.lottenlundestate.se\/en\/wp-json\/wp\/v2\/comments?post=3634"}],"version-history":[{"count":61,"href":"https:\/\/www.lottenlundestate.se\/en\/wp-json\/wp\/v2\/pages\/3634\/revisions"}],"predecessor-version":[{"id":3819,"href":"https:\/\/www.lottenlundestate.se\/en\/wp-json\/wp\/v2\/pages\/3634\/revisions\/3819"}],"wp:attachment":[{"href":"https:\/\/www.lottenlundestate.se\/en\/wp-json\/wp\/v2\/media?parent=3634"}],"wp:term":[{"taxonomy":"Pagecategories","embeddable":true,"href":"https:\/\/www.lottenlundestate.se\/en\/wp-json\/wp\/v2\/Pagecategories?post=3634"}],"curies":[{"name":"wp","href":"https:\/\/api.w.org\/{rel}","templated":true}]}}