{"id":39,"date":"2022-01-26T08:25:57","date_gmt":"2022-01-26T07:25:57","guid":{"rendered":"https:\/\/www.lottenlundestate.se\/?page_id=39"},"modified":"2025-11-23T21:28:49","modified_gmt":"2025-11-23T20:28:49","slug":"spritupplevelser","status":"publish","type":"page","link":"https:\/\/www.lottenlundestate.se\/en\/spritupplevelser\/","title":{"rendered":"Spirit tastings"},"content":{"rendered":"<div data-elementor-type=\"wp-page\" data-elementor-id=\"39\" class=\"elementor elementor-39\" data-elementor-post-type=\"page\">\n\t\t\t\t\t\t<section class=\"elementor-section elementor-top-section elementor-element elementor-element-5a4fe97 elementor-section-full_width elementor-section-height-min-height elementor-section-content-middle elementor-section-height-default elementor-section-items-middle\" data-id=\"5a4fe97\" data-element_type=\"section\">\n\t\t\t\t\t\t<div class=\"elementor-container elementor-column-gap-default\">\n\t\t\t\t\t<div class=\"elementor-column elementor-col-50 elementor-top-column elementor-element elementor-element-ecdecce\" data-id=\"ecdecce\" data-element_type=\"column\">\n\t\t\t<div class=\"elementor-widget-wrap elementor-element-populated\">\n\t\t\t\t\t\t<div class=\"elementor-element elementor-element-5350cbc elementor-invisible elementor-widget elementor-widget-heading\" data-id=\"5350cbc\" data-element_type=\"widget\" data-settings=\"{&quot;_animation&quot;:&quot;fadeIn&quot;,&quot;_animation_delay&quot;:&quot;400&quot;}\" data-widget_type=\"heading.default\">\n\t\t\t\t<div class=\"elementor-widget-container\">\n\t\t\t\t\t<h1 class=\"elementor-heading-title elementor-size-default\">HELLO AND WELCOME TO HELSING DISTILLERY!<\/h1>\t\t\t\t<\/div>\n\t\t\t\t<\/div>\n\t\t\t\t<div class=\"elementor-element elementor-element-5c9a483 elementor-widget-divider--view-line elementor-widget elementor-widget-divider\" data-id=\"5c9a483\" data-element_type=\"widget\" data-widget_type=\"divider.default\">\n\t\t\t\t<div class=\"elementor-widget-container\">\n\t\t\t\t\t\t\t<div class=\"elementor-divider\">\n\t\t\t<span class=\"elementor-divider-separator\">\n\t\t\t\t\t\t<\/span>\n\t\t<\/div>\n\t\t\t\t\t\t<\/div>\n\t\t\t\t<\/div>\n\t\t\t\t<div class=\"elementor-element elementor-element-e0e69eb elementor-invisible elementor-widget elementor-widget-heading\" data-id=\"e0e69eb\" data-element_type=\"widget\" data-settings=\"{&quot;_animation&quot;:&quot;fadeIn&quot;,&quot;_animation_delay&quot;:400}\" data-widget_type=\"heading.default\">\n\t\t\t\t<div class=\"elementor-widget-container\">\n\t\t\t\t\t<h3 class=\"elementor-heading-title elementor-size-default\">GIN TASTING<\/h3>\t\t\t\t<\/div>\n\t\t\t\t<\/div>\n\t\t\t\t<div class=\"elementor-element elementor-element-6a7d89b elementor-invisible elementor-widget elementor-widget-text-editor\" data-id=\"6a7d89b\" data-element_type=\"widget\" data-settings=\"{&quot;_animation&quot;:&quot;fadeIn&quot;,&quot;_animation_delay&quot;:400}\" data-widget_type=\"text-editor.default\">\n\t\t\t\t<div class=\"elementor-widget-container\">\n\t\t\t\t\t\t\t\t\t<p>Follow us as we guide you through the creation of our distillates, from sweet grapes and apples, aromatic herbs to delicate distillates through the journey of our fiery red copper pan.<\/p><p>Vi bes\u00f6ker destilleriet och f\u00e5r en inblick i destillering av gin, akvavit och andra destillat.\u00a0<\/p><p>Vi avslutar med en provsmakning av n\u00e5gra utvalda destillat. Efter provningen f\u00e5r man k\u00f6pa med sig en flaska sprit och fyra flaskor vin per person.\u00a0<\/p>\t\t\t\t\t\t\t\t<\/div>\n\t\t\t\t<\/div>\n\t\t\t\t<div class=\"elementor-element elementor-element-c689769 elementor-align-left elementor-invisible elementor-widget elementor-widget-button\" data-id=\"c689769\" data-element_type=\"widget\" data-settings=\"{&quot;_animation&quot;:&quot;fadeIn&quot;,&quot;_animation_delay&quot;:400}\" data-widget_type=\"button.default\">\n\t\t\t\t<div class=\"elementor-widget-container\">\n\t\t\t\t\t\t\t\t\t<div class=\"elementor-button-wrapper\">\n\t\t\t\t\t<a class=\"elementor-button elementor-button-link elementor-size-sm elementor-animation-sink\" href=\"https:\/\/nortic.se\/ticket\/event\/63384\" target=\"_blank\">\n\t\t\t\t\t\t<span class=\"elementor-button-content-wrapper\">\n\t\t\t\t\t\t\t\t\t<span class=\"elementor-button-text\">READ MORE AND BOOK<\/span>\n\t\t\t\t\t<\/span>\n\t\t\t\t\t<\/a>\n\t\t\t\t<\/div>\n\t\t\t\t\t\t\t\t<\/div>\n\t\t\t\t<\/div>\n\t\t\t\t\t<\/div>\n\t\t<\/div>\n\t\t\t\t<div class=\"elementor-column elementor-col-50 elementor-top-column elementor-element elementor-element-8e36be4\" data-id=\"8e36be4\" data-element_type=\"column\">\n\t\t\t<div class=\"elementor-widget-wrap elementor-element-populated\">\n\t\t\t\t\t\t<div class=\"elementor-element elementor-element-34b3e0f elementor-widget elementor-widget-image\" data-id=\"34b3e0f\" data-element_type=\"widget\" data-widget_type=\"image.default\">\n\t\t\t\t<div class=\"elementor-widget-container\">\n\t\t\t\t\t\t\t\t\t\t\t\t\t\t\t<img fetchpriority=\"high\" decoding=\"async\" width=\"800\" height=\"450\" src=\"https:\/\/www.lottenlundestate.se\/wp-content\/uploads\/2022\/01\/Signering_Sociala-Medier-1024x576.jpg\" class=\"attachment-large size-large wp-image-103\" alt=\"\" srcset=\"https:\/\/www.lottenlundestate.se\/wp-content\/uploads\/2022\/01\/Signering_Sociala-Medier-1024x576.jpg 1024w, https:\/\/www.lottenlundestate.se\/wp-content\/uploads\/2022\/01\/Signering_Sociala-Medier-300x169.jpg 300w, https:\/\/www.lottenlundestate.se\/wp-content\/uploads\/2022\/01\/Signering_Sociala-Medier-768x432.jpg 768w, https:\/\/www.lottenlundestate.se\/wp-content\/uploads\/2022\/01\/Signering_Sociala-Medier-1536x864.jpg 1536w, https:\/\/www.lottenlundestate.se\/wp-content\/uploads\/2022\/01\/Signering_Sociala-Medier-2048x1152.jpg 2048w, https:\/\/www.lottenlundestate.se\/wp-content\/uploads\/2022\/01\/Signering_Sociala-Medier-18x10.jpg 18w\" sizes=\"(max-width: 800px) 100vw, 800px\" \/>\t\t\t\t\t\t\t\t\t\t\t\t\t\t\t<\/div>\n\t\t\t\t<\/div>\n\t\t\t\t\t<\/div>\n\t\t<\/div>\n\t\t\t\t\t<\/div>\n\t\t<\/section>\n\t\t\t\t<section class=\"elementor-section elementor-top-section elementor-element elementor-element-8f0e96c elementor-section-boxed elementor-section-height-default elementor-section-height-default\" data-id=\"8f0e96c\" data-element_type=\"section\">\n\t\t\t\t\t\t<div class=\"elementor-container elementor-column-gap-default\">\n\t\t\t\t\t<div class=\"elementor-column elementor-col-100 elementor-top-column elementor-element elementor-element-5b6175a\" data-id=\"5b6175a\" data-element_type=\"column\">\n\t\t\t<div class=\"elementor-widget-wrap elementor-element-populated\">\n\t\t\t\t\t\t<div class=\"elementor-element elementor-element-972b108 elementor-invisible elementor-widget elementor-widget-heading\" data-id=\"972b108\" data-element_type=\"widget\" data-settings=\"{&quot;_animation&quot;:&quot;fadeInUp&quot;}\" data-widget_type=\"heading.default\">\n\t\t\t\t<div class=\"elementor-widget-container\">\n\t\t\t\t\t<h3 class=\"elementor-heading-title elementor-size-default\">We offer you several different experiences, where the price is per person and includes VAT.<\/h3>\t\t\t\t<\/div>\n\t\t\t\t<\/div>\n\t\t\t\t<section class=\"elementor-section elementor-inner-section elementor-element elementor-element-60d9424 elementor-section-boxed elementor-section-height-default elementor-section-height-default\" data-id=\"60d9424\" data-element_type=\"section\" id=\"book\">\n\t\t\t\t\t\t<div class=\"elementor-container elementor-column-gap-default\">\n\t\t\t\t\t<div class=\"elementor-column elementor-col-33 elementor-inner-column elementor-element elementor-element-2767468\" data-id=\"2767468\" data-element_type=\"column\">\n\t\t\t<div class=\"elementor-widget-wrap elementor-element-populated\">\n\t\t\t\t\t\t<div class=\"elementor-element elementor-element-57588e2 elementor-invisible elementor-widget elementor-widget-heading\" data-id=\"57588e2\" data-element_type=\"widget\" data-settings=\"{&quot;_animation&quot;:&quot;fadeInUp&quot;}\" data-widget_type=\"heading.default\">\n\t\t\t\t<div class=\"elementor-widget-container\">\n\t\t\t\t\t<h2 class=\"elementor-heading-title elementor-size-default\">CLASSIC Gin Tasting<\/h2>\t\t\t\t<\/div>\n\t\t\t\t<\/div>\n\t\t\t\t<div class=\"elementor-element elementor-element-823bcf2 elementor-align-left elementor-invisible elementor-widget elementor-widget-button\" data-id=\"823bcf2\" data-element_type=\"widget\" data-settings=\"{&quot;_animation&quot;:&quot;fadeIn&quot;,&quot;_animation_delay&quot;:400}\" data-widget_type=\"button.default\">\n\t\t\t\t<div class=\"elementor-widget-container\">\n\t\t\t\t\t\t\t\t\t<div class=\"elementor-button-wrapper\">\n\t\t\t\t\t<a class=\"elementor-button elementor-button-link elementor-size-sm elementor-animation-sink\" href=\"https:\/\/nortic.se\/ticket\/event\/63384\" target=\"_blank\">\n\t\t\t\t\t\t<span class=\"elementor-button-content-wrapper\">\n\t\t\t\t\t\t\t\t\t<span class=\"elementor-button-text\">READ MORE AND BOOK<\/span>\n\t\t\t\t\t<\/span>\n\t\t\t\t\t<\/a>\n\t\t\t\t<\/div>\n\t\t\t\t\t\t\t\t<\/div>\n\t\t\t\t<\/div>\n\t\t\t\t\t<\/div>\n\t\t<\/div>\n\t\t\t\t<div class=\"elementor-column elementor-col-33 elementor-inner-column elementor-element elementor-element-432d506\" data-id=\"432d506\" data-element_type=\"column\">\n\t\t\t<div class=\"elementor-widget-wrap elementor-element-populated\">\n\t\t\t\t\t\t<div class=\"elementor-element elementor-element-6315ece elementor-widget-divider--view-line elementor-widget elementor-widget-divider\" data-id=\"6315ece\" data-element_type=\"widget\" data-widget_type=\"divider.default\">\n\t\t\t\t<div class=\"elementor-widget-container\">\n\t\t\t\t\t\t\t<div class=\"elementor-divider\">\n\t\t\t<span class=\"elementor-divider-separator\">\n\t\t\t\t\t\t<\/span>\n\t\t<\/div>\n\t\t\t\t\t\t<\/div>\n\t\t\t\t<\/div>\n\t\t\t\t\t<\/div>\n\t\t<\/div>\n\t\t\t\t<div class=\"elementor-column elementor-col-33 elementor-inner-column elementor-element elementor-element-03c1ea4\" data-id=\"03c1ea4\" data-element_type=\"column\">\n\t\t\t<div class=\"elementor-widget-wrap elementor-element-populated\">\n\t\t\t\t\t\t<div class=\"elementor-element elementor-element-fa3dc53 elementor-widget elementor-widget-text-editor\" data-id=\"fa3dc53\" data-element_type=\"widget\" data-widget_type=\"text-editor.default\">\n\t\t\t\t<div class=\"elementor-widget-container\">\n\t\t\t\t\t\t\t\t\t<p>A tour of the distillery where we explain how we produce our distillates is included in all our tastings.\u00a0<\/p><p>Vi provar 4 gin fr\u00e5n g\u00e5rden.\u00a0<br \/><strong style=\"background-color: var( --e-global-color-b6644d4 );\">N\u00e4r: <\/strong><span style=\"color: #444443;\">Flera datum att v\u00e4lja p\u00e5, klicka p\u00e5 l\u00e4nken till v\u00e4nster s\u00e5 kommer ni till v\u00e5rt bokningsprogram. .\u00a0\u00a0<\/span><strong style=\"background-color: var( --e-global-color-b6644d4 );\"><br \/>Time: <\/strong><span style=\"background-color: var( --e-global-color-b6644d4 );\">90 min.\u00a0<\/span><span style=\"background-color: var( --e-global-color-b6644d4 );\"><br \/><\/span><span style=\"background-color: var( --e-global-color-b6644d4 );\"><b>Price: <\/b>4<\/span><span style=\"background-color: var( --e-global-color-b6644d4 );\">95<\/span><span style=\"background-color: var( --e-global-color-b6644d4 );\"> SEK<\/span><span style=\"background-color: var( --e-global-color-b6644d4 );\"><br \/><\/span><\/p>\t\t\t\t\t\t\t\t<\/div>\n\t\t\t\t<\/div>\n\t\t\t\t\t<\/div>\n\t\t<\/div>\n\t\t\t\t\t<\/div>\n\t\t<\/section>\n\t\t\t\t<section class=\"elementor-section elementor-inner-section elementor-element elementor-element-bdddb28 elementor-section-boxed elementor-section-height-default elementor-section-height-default\" data-id=\"bdddb28\" data-element_type=\"section\">\n\t\t\t\t\t\t<div class=\"elementor-container elementor-column-gap-default\">\n\t\t\t\t\t<div class=\"elementor-column elementor-col-33 elementor-inner-column elementor-element elementor-element-61cae84\" data-id=\"61cae84\" data-element_type=\"column\">\n\t\t\t<div class=\"elementor-widget-wrap elementor-element-populated\">\n\t\t\t\t\t\t<div class=\"elementor-element elementor-element-46ce013 elementor-invisible elementor-widget elementor-widget-heading\" data-id=\"46ce013\" data-element_type=\"widget\" data-settings=\"{&quot;_animation&quot;:&quot;fadeInUp&quot;}\" data-widget_type=\"heading.default\">\n\t\t\t\t<div class=\"elementor-widget-container\">\n\t\t\t\t\t<h2 class=\"elementor-heading-title elementor-size-default translation-block\">Premium Distillate Tasting<\/h2>\t\t\t\t<\/div>\n\t\t\t\t<\/div>\n\t\t\t\t<div class=\"elementor-element elementor-element-4dd3185 elementor-align-left elementor-invisible elementor-widget elementor-widget-button\" data-id=\"4dd3185\" data-element_type=\"widget\" data-settings=\"{&quot;_animation&quot;:&quot;fadeIn&quot;,&quot;_animation_delay&quot;:400}\" data-widget_type=\"button.default\">\n\t\t\t\t<div class=\"elementor-widget-container\">\n\t\t\t\t\t\t\t\t\t<div class=\"elementor-button-wrapper\">\n\t\t\t\t\t<a class=\"elementor-button elementor-button-link elementor-size-sm elementor-animation-sink\" href=\"https:\/\/nortic.se\/ticket\/organizer\/2885\" target=\"_blank\">\n\t\t\t\t\t\t<span class=\"elementor-button-content-wrapper\">\n\t\t\t\t\t\t\t\t\t<span class=\"elementor-button-text\">READ MORE AND BOOK<\/span>\n\t\t\t\t\t<\/span>\n\t\t\t\t\t<\/a>\n\t\t\t\t<\/div>\n\t\t\t\t\t\t\t\t<\/div>\n\t\t\t\t<\/div>\n\t\t\t\t\t<\/div>\n\t\t<\/div>\n\t\t\t\t<div class=\"elementor-column elementor-col-33 elementor-inner-column elementor-element elementor-element-e21dc98\" data-id=\"e21dc98\" data-element_type=\"column\">\n\t\t\t<div class=\"elementor-widget-wrap elementor-element-populated\">\n\t\t\t\t\t\t<div class=\"elementor-element elementor-element-d37f5ee elementor-widget-divider--view-line elementor-widget elementor-widget-divider\" data-id=\"d37f5ee\" data-element_type=\"widget\" data-widget_type=\"divider.default\">\n\t\t\t\t<div class=\"elementor-widget-container\">\n\t\t\t\t\t\t\t<div class=\"elementor-divider\">\n\t\t\t<span class=\"elementor-divider-separator\">\n\t\t\t\t\t\t<\/span>\n\t\t<\/div>\n\t\t\t\t\t\t<\/div>\n\t\t\t\t<\/div>\n\t\t\t\t\t<\/div>\n\t\t<\/div>\n\t\t\t\t<div class=\"elementor-column elementor-col-33 elementor-inner-column elementor-element elementor-element-8153eb6\" data-id=\"8153eb6\" data-element_type=\"column\">\n\t\t\t<div class=\"elementor-widget-wrap elementor-element-populated\">\n\t\t\t\t\t\t<div class=\"elementor-element elementor-element-dc07ef1 elementor-widget elementor-widget-text-editor\" data-id=\"dc07ef1\" data-element_type=\"widget\" data-widget_type=\"text-editor.default\">\n\t\t\t\t<div class=\"elementor-widget-container\">\n\t\t\t\t\t\t\t\t\t<p><span id=\"E107\" class=\"qowt-font3-webkitstandard\">A trip in the fruit fields and our botanical garden and a walk through the distillery where we talk about the distillation process, is included in all our tastings.<\/span><span id=\"E108\" class=\"qowt-font3-webkitstandard\">,<\/span><span id=\"E109\" class=\"qowt-font3-webkitstandard\"> ing\u00e5r.<\/span><span id=\"E111\" class=\"qowt-font3-webkitstandard\">\u00a0<\/span><\/p><p><span id=\"E113\" class=\"qowt-font3-webkitstandard\"><\/span><span id=\"E114\" class=\"qowt-font3-webkitstandard\">We try 4 different distillates, chosen based on season.<\/span><span id=\"E114\" class=\"qowt-font3-webkitstandard\">\u00a0<\/span><span id=\"E116\" class=\"qowt-font3-webkitstandard\"><br \/><\/span><span id=\"E117\" class=\"qowt-font3-webkitstandard\"><\/span><\/p><p><span class=\"qowt-font3-webkitstandard\"><b>N\u00e4r<\/b>: Juni tom september<\/span><\/p><p><strong><span id=\"E117\" class=\"qowt-font3-webkitstandard\">Time:\u00a0<\/span><\/strong><span id=\"E121\" class=\"qowt-font3-webkitstandard\">120<\/span><span id=\"E123\" class=\"qowt-font3-webkitstandard\"> min<\/span><span id=\"E125\" class=\"qowt-font3-webkitstandard\"><br \/><\/span><span id=\"E126\" class=\"qowt-font3-webkitstandard\"><strong>Price:<\/strong>\u00a0495 SEK<\/span><\/p>\t\t\t\t\t\t\t\t<\/div>\n\t\t\t\t<\/div>\n\t\t\t\t\t<\/div>\n\t\t<\/div>\n\t\t\t\t\t<\/div>\n\t\t<\/section>\n\t\t\t\t<section class=\"elementor-section elementor-inner-section elementor-element elementor-element-6ae6b86 elementor-section-boxed elementor-section-height-default elementor-section-height-default\" data-id=\"6ae6b86\" data-element_type=\"section\">\n\t\t\t\t\t\t<div class=\"elementor-container elementor-column-gap-default\">\n\t\t\t\t\t<div class=\"elementor-column elementor-col-33 elementor-inner-column elementor-element elementor-element-88843c7\" data-id=\"88843c7\" data-element_type=\"column\">\n\t\t\t<div class=\"elementor-widget-wrap elementor-element-populated\">\n\t\t\t\t\t\t<div class=\"elementor-element elementor-element-ce8c905 elementor-invisible elementor-widget elementor-widget-heading\" data-id=\"ce8c905\" data-element_type=\"widget\" data-settings=\"{&quot;_animation&quot;:&quot;fadeInUp&quot;}\" data-widget_type=\"heading.default\">\n\t\t\t\t<div class=\"elementor-widget-container\">\n\t\t\t\t\t<h2 class=\"elementor-heading-title elementor-size-default translation-block\">Spirit and Wine Tasting<\/h2>\t\t\t\t<\/div>\n\t\t\t\t<\/div>\n\t\t\t\t<div class=\"elementor-element elementor-element-91821c4 elementor-align-left elementor-invisible elementor-widget elementor-widget-button\" data-id=\"91821c4\" data-element_type=\"widget\" data-settings=\"{&quot;_animation&quot;:&quot;fadeIn&quot;,&quot;_animation_delay&quot;:400}\" data-widget_type=\"button.default\">\n\t\t\t\t<div class=\"elementor-widget-container\">\n\t\t\t\t\t\t\t\t\t<div class=\"elementor-button-wrapper\">\n\t\t\t\t\t<a class=\"elementor-button elementor-button-link elementor-size-sm elementor-animation-sink\" href=\"https:\/\/nortic.se\/ticket\/organizer\/2885\" target=\"_blank\">\n\t\t\t\t\t\t<span class=\"elementor-button-content-wrapper\">\n\t\t\t\t\t\t\t\t\t<span class=\"elementor-button-text\">READ MORE AND BOOK<\/span>\n\t\t\t\t\t<\/span>\n\t\t\t\t\t<\/a>\n\t\t\t\t<\/div>\n\t\t\t\t\t\t\t\t<\/div>\n\t\t\t\t<\/div>\n\t\t\t\t\t<\/div>\n\t\t<\/div>\n\t\t\t\t<div class=\"elementor-column elementor-col-33 elementor-inner-column elementor-element elementor-element-0adb8c9\" data-id=\"0adb8c9\" data-element_type=\"column\">\n\t\t\t<div class=\"elementor-widget-wrap elementor-element-populated\">\n\t\t\t\t\t\t<div class=\"elementor-element elementor-element-3e21d3f elementor-widget-divider--view-line elementor-widget elementor-widget-divider\" data-id=\"3e21d3f\" data-element_type=\"widget\" data-widget_type=\"divider.default\">\n\t\t\t\t<div class=\"elementor-widget-container\">\n\t\t\t\t\t\t\t<div class=\"elementor-divider\">\n\t\t\t<span class=\"elementor-divider-separator\">\n\t\t\t\t\t\t<\/span>\n\t\t<\/div>\n\t\t\t\t\t\t<\/div>\n\t\t\t\t<\/div>\n\t\t\t\t\t<\/div>\n\t\t<\/div>\n\t\t\t\t<div class=\"elementor-column elementor-col-33 elementor-inner-column elementor-element elementor-element-3315960\" data-id=\"3315960\" data-element_type=\"column\">\n\t\t\t<div class=\"elementor-widget-wrap elementor-element-populated\">\n\t\t\t\t\t\t<div class=\"elementor-element elementor-element-673754d elementor-widget elementor-widget-text-editor\" data-id=\"673754d\" data-element_type=\"widget\" data-widget_type=\"text-editor.default\">\n\t\t\t\t<div class=\"elementor-widget-container\">\n\t\t\t\t\t\t\t\t\t<p><span id=\"E133\" class=\"qowt-font3-webkitstandard\">A trip in the fruit fields and our botanical garden and a walk through the distillery where we talk about the distillation process, is included in all our tastings.<\/span><span id=\"E134\" class=\"qowt-font3-webkitstandard\">, <\/span><span id=\"E135\" class=\"qowt-font3-webkitstandard\">ing\u00e5r<\/span><span id=\"E137\" class=\"qowt-font3-webkitstandard\">.<\/span><\/p><p><span id=\"E137\" class=\"qowt-font3-webkitstandard\">\u00a0<\/span><span id=\"E140\" class=\"qowt-font3-webkitstandard\">We try 2 wines and 2 distillates from the vineyard.\u00a0<\/span><\/p><p><span class=\"qowt-font3-webkitstandard\">N<b>\u00e4r:<\/b> Juni tom september\u00a0<\/span><\/p><p><span id=\"E142\" class=\"qowt-font3-webkitstandard\"><\/span><strong><span id=\"E143\" class=\"qowt-font3-webkitstandard\">Time: <\/span><\/strong><span id=\"E145\" class=\"qowt-font3-webkitstandard\">90-<\/span><span id=\"E146\" class=\"qowt-font3-webkitstandard\">120<\/span><span id=\"E148\" class=\"qowt-font3-webkitstandard\"> min.\u00a0<\/span><span id=\"E150\" class=\"qowt-font3-webkitstandard\"><br \/><\/span><span id=\"E151\" class=\"qowt-font3-webkitstandard\"><strong>Price:<\/strong>\u00a0495 SEK<\/span><\/p>\t\t\t\t\t\t\t\t<\/div>\n\t\t\t\t<\/div>\n\t\t\t\t\t<\/div>\n\t\t<\/div>\n\t\t\t\t\t<\/div>\n\t\t<\/section>\n\t\t\t\t<section class=\"elementor-section elementor-inner-section elementor-element elementor-element-4823323 elementor-section-boxed elementor-section-height-default elementor-section-height-default\" data-id=\"4823323\" data-element_type=\"section\">\n\t\t\t\t\t\t<div class=\"elementor-container elementor-column-gap-default\">\n\t\t\t\t\t<div class=\"elementor-column elementor-col-33 elementor-inner-column elementor-element elementor-element-996ac76\" data-id=\"996ac76\" data-element_type=\"column\">\n\t\t\t<div class=\"elementor-widget-wrap elementor-element-populated\">\n\t\t\t\t\t\t<div class=\"elementor-element elementor-element-f836dc5 elementor-invisible elementor-widget elementor-widget-heading\" data-id=\"f836dc5\" data-element_type=\"widget\" data-settings=\"{&quot;_animation&quot;:&quot;fadeInUp&quot;}\" data-widget_type=\"heading.default\">\n\t\t\t\t<div class=\"elementor-widget-container\">\n\t\t\t\t\t<h2 class=\"elementor-heading-title elementor-size-default\">VIP Workshop<\/h2>\t\t\t\t<\/div>\n\t\t\t\t<\/div>\n\t\t\t\t\t<\/div>\n\t\t<\/div>\n\t\t\t\t<div class=\"elementor-column elementor-col-33 elementor-inner-column elementor-element elementor-element-7e21ac3\" data-id=\"7e21ac3\" data-element_type=\"column\">\n\t\t\t<div class=\"elementor-widget-wrap elementor-element-populated\">\n\t\t\t\t\t\t<div class=\"elementor-element elementor-element-3bf52d4 elementor-widget-divider--view-line elementor-widget elementor-widget-divider\" data-id=\"3bf52d4\" data-element_type=\"widget\" data-widget_type=\"divider.default\">\n\t\t\t\t<div class=\"elementor-widget-container\">\n\t\t\t\t\t\t\t<div class=\"elementor-divider\">\n\t\t\t<span class=\"elementor-divider-separator\">\n\t\t\t\t\t\t<\/span>\n\t\t<\/div>\n\t\t\t\t\t\t<\/div>\n\t\t\t\t<\/div>\n\t\t\t\t\t<\/div>\n\t\t<\/div>\n\t\t\t\t<div class=\"elementor-column elementor-col-33 elementor-inner-column elementor-element elementor-element-32dd70c\" data-id=\"32dd70c\" data-element_type=\"column\">\n\t\t\t<div class=\"elementor-widget-wrap elementor-element-populated\">\n\t\t\t\t\t\t<div class=\"elementor-element elementor-element-5dd052a elementor-widget elementor-widget-text-editor\" data-id=\"5dd052a\" data-element_type=\"widget\" data-widget_type=\"text-editor.default\">\n\t\t\t\t<div class=\"elementor-widget-container\">\n\t\t\t\t\t\t\t\t\t<p id=\"E158\" class=\"x-scope qowt-word-para-1\"><span id=\"E159\" class=\"qowt-font3-webkitstandard\">H\u00e4r maximerar vi er dryckesupplevelse genom att g\u00f6ra er delaktiga i processen. Bes\u00f6ket inleds med en tur i fruktf\u00e4lten&nbsp;<\/span><span id=\"E162\" class=\"qowt-font3-webkitstandard\">och v\u00e5r botaniska tr\u00e4dg\u00e5rd, d\u00e4r v\u00e5r br\u00e4nnm\u00e4stare ber\u00e4ttar inlevelserikt om destillationsprocessen. Efter v<\/span><span id=\"E163\" class=\"qowt-font3-webkitstandard\">i har varit<\/span><span id=\"E164\" class=\"qowt-font3-webkitstandard\"> inne p\u00e5 destilleriet<\/span><span id=\"E165\" class=\"qowt-font3-webkitstandard\">,<\/span><span id=\"E166\" class=\"qowt-font3-webkitstandard\"> f\u00e5r deltagarna sj\u00e4lva komponera ihop en kryddsprit<\/span><span id=\"E167\" class=\"qowt-font3-webkitstandard\">,<\/span><span id=\"E168\" class=\"qowt-font3-webkitstandard\"> <\/span><span id=\"E169\" class=\"qowt-font3-webkitstandard\">som ni sj\u00e4lva valt, <\/span><span id=\"E170\" class=\"qowt-font3-webkitstandard\">med v\u00e5r br\u00e4nnm\u00e4stares assistans <\/span><span id=\"E171\" class=\"qowt-font3-webkitstandard\">som sedan destilleras p\u00e5 v\u00e5r receptutvecklingspanna. Under tiden pratar vi om <\/span><span id=\"E173\" class=\"qowt-font3-webkitstandard\">sensorik<\/span><span id=\"E175\" class=\"qowt-font3-webkitstandard\">, smaker och provar n\u00e5gra <\/span><span id=\"E177\" class=\"qowt-font3-webkitstandard\">referensprover<\/span><span id=\"E179\" class=\"qowt-font3-webkitstandard\"> till det som vi destillerar.<\/span><span id=\"E180\" class=\"qowt-font3-webkitstandard\"> N\u00e4r vi \u00e4r klara s\u00e5 erbjuder vi m\u00f6jligheten att k\u00f6pa produkten vi har destillerat via privatimport p\u00e5 Systembolaget. <\/span><span id=\"E182\" class=\"qowt-font3-webkitstandard\"><br><\/span><\/p>\n<p id=\"E183\" class=\"x-scope qowt-word-para-0\"><span id=\"E184\">Denna provning \u00e4r anpassad f\u00f6r s\u00e4llskap med 6-10 personer<\/span><\/p>\n<p class=\"x-scope qowt-word-para-0\"><span id=\"E188\" class=\"qowt-font3-webkitstandard\"><\/span><span id=\"E190\" class=\"qowt-font3-webkitstandard\"><br><\/span><span id=\"E191\" class=\"qowt-font3-webkitstandard\"><strong>Time:<\/strong> 240 min.&nbsp;<\/span><span id=\"E193\" class=\"qowt-font3-webkitstandard\"><br><\/span><span id=\"E194\" class=\"qowt-font3-webkitstandard\"><strong>Price:<\/strong> 1995 SEK<\/span><\/p>\t\t\t\t\t\t\t\t<\/div>\n\t\t\t\t<\/div>\n\t\t\t\t\t<\/div>\n\t\t<\/div>\n\t\t\t\t\t<\/div>\n\t\t<\/section>\n\t\t\t\t\t<\/div>\n\t\t<\/div>\n\t\t\t\t\t<\/div>\n\t\t<\/section>\n\t\t\t\t<\/div>","protected":false},"excerpt":{"rendered":"<p>HEJ OCH V\u00c4LKOMNA TILL HELSING DISTILLERY! GINPROVNING F\u00f6lj med och l\u00e4r er om resan v\u00e5ra drycker g\u00e5r igenom, fr\u00e5n s\u00f6ta druvor, l\u00e4skande \u00e4pplen och aromatiska kryddor till raffinerade destillat, genom v\u00e5r eldr\u00f6da kopparpanna. Vi bes\u00f6ker destilleriet och f\u00e5r en inblick i destillering av gin, akvavit och andra destillat.\u00a0 Vi avslutar med en provsmakning av n\u00e5gra [&hellip;]<\/p>","protected":false},"author":1,"featured_media":0,"parent":0,"menu_order":0,"comment_status":"closed","ping_status":"closed","template":"","meta":{"_seopress_robots_primary_cat":"","_seopress_titles_title":"","_seopress_titles_desc":"","_seopress_robots_index":"","footnotes":""},"Pagecategories":[],"class_list":["post-39","page","type-page","status-publish","hentry"],"meta_box":[],"_links":{"self":[{"href":"https:\/\/www.lottenlundestate.se\/en\/wp-json\/wp\/v2\/pages\/39","targetHints":{"allow":["GET"]}}],"collection":[{"href":"https:\/\/www.lottenlundestate.se\/en\/wp-json\/wp\/v2\/pages"}],"about":[{"href":"https:\/\/www.lottenlundestate.se\/en\/wp-json\/wp\/v2\/types\/page"}],"author":[{"embeddable":true,"href":"https:\/\/www.lottenlundestate.se\/en\/wp-json\/wp\/v2\/users\/1"}],"replies":[{"embeddable":true,"href":"https:\/\/www.lottenlundestate.se\/en\/wp-json\/wp\/v2\/comments?post=39"}],"version-history":[{"count":38,"href":"https:\/\/www.lottenlundestate.se\/en\/wp-json\/wp\/v2\/pages\/39\/revisions"}],"predecessor-version":[{"id":3772,"href":"https:\/\/www.lottenlundestate.se\/en\/wp-json\/wp\/v2\/pages\/39\/revisions\/3772"}],"wp:attachment":[{"href":"https:\/\/www.lottenlundestate.se\/en\/wp-json\/wp\/v2\/media?parent=39"}],"wp:term":[{"taxonomy":"Pagecategories","embeddable":true,"href":"https:\/\/www.lottenlundestate.se\/en\/wp-json\/wp\/v2\/Pagecategories?post=39"}],"curies":[{"name":"wp","href":"https:\/\/api.w.org\/{rel}","templated":true}]}}