{"id":42,"date":"2022-01-26T08:26:36","date_gmt":"2022-01-26T07:26:36","guid":{"rendered":"https:\/\/www.lottenlundestate.se\/?page_id=42"},"modified":"2025-06-22T22:25:19","modified_gmt":"2025-06-22T20:25:19","slug":"gruppbokningar","status":"publish","type":"page","link":"https:\/\/www.lottenlundestate.se\/en\/gruppbokningar\/","title":{"rendered":"Group bookings"},"content":{"rendered":"<div data-elementor-type=\"wp-page\" data-elementor-id=\"42\" class=\"elementor elementor-42\" data-elementor-post-type=\"page\">\n\t\t\t\t\t\t<section class=\"elementor-section elementor-top-section elementor-element elementor-element-d4c18fa elementor-section-full_width elementor-section-height-min-height elementor-section-content-middle elementor-section-height-default elementor-section-items-middle\" data-id=\"d4c18fa\" data-element_type=\"section\">\n\t\t\t\t\t\t<div class=\"elementor-container elementor-column-gap-default\">\n\t\t\t\t\t<div class=\"elementor-column elementor-col-50 elementor-top-column elementor-element elementor-element-fbee979\" data-id=\"fbee979\" data-element_type=\"column\">\n\t\t\t<div class=\"elementor-widget-wrap elementor-element-populated\">\n\t\t\t\t\t\t<div class=\"elementor-element elementor-element-dc772de elementor-invisible elementor-widget elementor-widget-heading\" data-id=\"dc772de\" data-element_type=\"widget\" data-settings=\"{&quot;_animation&quot;:&quot;fadeIn&quot;,&quot;_animation_delay&quot;:&quot;400&quot;}\" data-widget_type=\"heading.default\">\n\t\t\t\t<div class=\"elementor-widget-container\">\n\t\t\t\t\t<h1 class=\"elementor-heading-title elementor-size-default\">Group bookings<\/h1>\t\t\t\t<\/div>\n\t\t\t\t<\/div>\n\t\t\t\t<div class=\"elementor-element elementor-element-30872af elementor-widget-divider--view-line elementor-widget elementor-widget-divider\" data-id=\"30872af\" data-element_type=\"widget\" data-widget_type=\"divider.default\">\n\t\t\t\t<div class=\"elementor-widget-container\">\n\t\t\t\t\t\t\t<div class=\"elementor-divider\">\n\t\t\t<span class=\"elementor-divider-separator\">\n\t\t\t\t\t\t<\/span>\n\t\t<\/div>\n\t\t\t\t\t\t<\/div>\n\t\t\t\t<\/div>\n\t\t\t\t<div class=\"elementor-element elementor-element-d10c77e elementor-invisible elementor-widget elementor-widget-heading\" data-id=\"d10c77e\" data-element_type=\"widget\" data-settings=\"{&quot;_animation&quot;:&quot;fadeIn&quot;,&quot;_animation_delay&quot;:400}\" data-widget_type=\"heading.default\">\n\t\t\t\t<div class=\"elementor-widget-container\">\n\t\t\t\t\t<h3 class=\"elementor-heading-title elementor-size-default\">Collect your family friends and colleagues and come visit us at Lottenlund for a unique wine experience. <\/h3>\t\t\t\t<\/div>\n\t\t\t\t<\/div>\n\t\t\t\t<div class=\"elementor-element elementor-element-767c0ef elementor-invisible elementor-widget elementor-widget-text-editor\" data-id=\"767c0ef\" data-element_type=\"widget\" data-settings=\"{&quot;_animation&quot;:&quot;fadeIn&quot;,&quot;_animation_delay&quot;:400}\" data-widget_type=\"text-editor.default\">\n\t\t\t\t<div class=\"elementor-widget-container\">\n\t\t\t\t\t\t\t\t\t<p>Vi tar emot grupper med 20-50 personer f\u00f6r bes\u00f6k hos oss d\u00e4r vi inleder bes\u00f6ket med en promenad bland dansande vinrankor och f\u00e5glar som kvittrar i de gr\u00f6nskande odlingarna. Kan h\u00e4nda tr\u00e4ffar ni p\u00e5 v\u00e5ra dv\u00e4rgh\u00f6ns p\u00e5 v\u00e4gen som jagar flugor och maskar.<\/p>\n<p>If the purpose of the visit is to learn more about wine, you are welcome into the winery to learn more about the production and how it develops from vine to bottle. Of course, we are more than happy to end the visit with a tasting<\/p><p>Efter provningen g\u00e5r det utm\u00e4rkt att handla i v\u00e5r g\u00e5rdsbutik. Man f\u00e5r k\u00f6pa med sig 4 flaskor vin och 1 flaska vin per person. F\u00f6r att f\u00e5 k\u00f6pa med sig alkohol kr\u00e4vs att man genomg\u00e5tt ett minst 30 minuters kunskapsh\u00f6jande evenemang. Alla v\u00e5ra provningar kvalar in p\u00e5 den punkten.&nbsp;<\/p>\n<p>For price information and available times, please contact us with your request at <a href=\"mailto:visit@lottenlundestate.se\"><span style=\"text-decoration: underline;\">visit@lottenlundestate.s<\/span><\/a>5<\/p>\t\t\t\t\t\t\t\t<\/div>\n\t\t\t\t<\/div>\n\t\t\t\t\t<\/div>\n\t\t<\/div>\n\t\t\t\t<div class=\"elementor-column elementor-col-50 elementor-top-column elementor-element elementor-element-b1da341\" data-id=\"b1da341\" data-element_type=\"column\">\n\t\t\t<div class=\"elementor-widget-wrap elementor-element-populated\">\n\t\t\t\t\t\t<div class=\"elementor-element elementor-element-16f86cd elementor-widget elementor-widget-image\" data-id=\"16f86cd\" data-element_type=\"widget\" data-widget_type=\"image.default\">\n\t\t\t\t<div class=\"elementor-widget-container\">\n\t\t\t\t\t\t\t\t\t\t\t\t\t\t\t<img fetchpriority=\"high\" decoding=\"async\" width=\"800\" height=\"500\" src=\"https:\/\/www.lottenlundestate.se\/wp-content\/uploads\/2022\/01\/Allerum-SM00002-1024x640.webp\" class=\"attachment-large size-large wp-image-109\" alt=\"\" srcset=\"https:\/\/www.lottenlundestate.se\/wp-content\/uploads\/2022\/01\/Allerum-SM00002-1024x640.webp 1024w, https:\/\/www.lottenlundestate.se\/wp-content\/uploads\/2022\/01\/Allerum-SM00002-300x187.webp 300w, https:\/\/www.lottenlundestate.se\/wp-content\/uploads\/2022\/01\/Allerum-SM00002-768x480.webp 768w, https:\/\/www.lottenlundestate.se\/wp-content\/uploads\/2022\/01\/Allerum-SM00002-1536x960.webp 1536w, https:\/\/www.lottenlundestate.se\/wp-content\/uploads\/2022\/01\/Allerum-SM00002-18x12.webp 18w, https:\/\/www.lottenlundestate.se\/wp-content\/uploads\/2022\/01\/Allerum-SM00002.webp 1639w\" sizes=\"(max-width: 800px) 100vw, 800px\" \/>\t\t\t\t\t\t\t\t\t\t\t\t\t\t\t<\/div>\n\t\t\t\t<\/div>\n\t\t\t\t\t<\/div>\n\t\t<\/div>\n\t\t\t\t\t<\/div>\n\t\t<\/section>\n\t\t\t\t<\/div>","protected":false},"excerpt":{"rendered":"<p>Gruppbokning Samla familj, v\u00e4nner och kollegor och kom till oss p\u00e5 Lottenlund f\u00f6r en vinupplevelse. Vi tar emot grupper med 20-50 personer f\u00f6r bes\u00f6k hos oss d\u00e4r vi inleder bes\u00f6ket med en promenad bland dansande vinrankor och f\u00e5glar som kvittrar i de gr\u00f6nskande odlingarna. Kan h\u00e4nda tr\u00e4ffar ni p\u00e5 v\u00e5ra dv\u00e4rgh\u00f6ns p\u00e5 v\u00e4gen som jagar [&hellip;]<\/p>","protected":false},"author":1,"featured_media":0,"parent":0,"menu_order":0,"comment_status":"closed","ping_status":"closed","template":"","meta":{"_seopress_robots_primary_cat":"","_seopress_titles_title":"","_seopress_titles_desc":"","_seopress_robots_index":"","footnotes":""},"Pagecategories":[],"class_list":["post-42","page","type-page","status-publish","hentry"],"meta_box":[],"_links":{"self":[{"href":"https:\/\/www.lottenlundestate.se\/en\/wp-json\/wp\/v2\/pages\/42","targetHints":{"allow":["GET"]}}],"collection":[{"href":"https:\/\/www.lottenlundestate.se\/en\/wp-json\/wp\/v2\/pages"}],"about":[{"href":"https:\/\/www.lottenlundestate.se\/en\/wp-json\/wp\/v2\/types\/page"}],"author":[{"embeddable":true,"href":"https:\/\/www.lottenlundestate.se\/en\/wp-json\/wp\/v2\/users\/1"}],"replies":[{"embeddable":true,"href":"https:\/\/www.lottenlundestate.se\/en\/wp-json\/wp\/v2\/comments?post=42"}],"version-history":[{"count":8,"href":"https:\/\/www.lottenlundestate.se\/en\/wp-json\/wp\/v2\/pages\/42\/revisions"}],"predecessor-version":[{"id":3710,"href":"https:\/\/www.lottenlundestate.se\/en\/wp-json\/wp\/v2\/pages\/42\/revisions\/3710"}],"wp:attachment":[{"href":"https:\/\/www.lottenlundestate.se\/en\/wp-json\/wp\/v2\/media?parent=42"}],"wp:term":[{"taxonomy":"Pagecategories","embeddable":true,"href":"https:\/\/www.lottenlundestate.se\/en\/wp-json\/wp\/v2\/Pagecategories?post=42"}],"curies":[{"name":"wp","href":"https:\/\/api.w.org\/{rel}","templated":true}]}}