{"id":48,"date":"2022-01-26T08:28:46","date_gmt":"2022-01-26T07:28:46","guid":{"rendered":"https:\/\/www.lottenlundestate.se\/?page_id=48"},"modified":"2022-03-14T10:52:02","modified_gmt":"2022-03-14T09:52:02","slug":"biodling","status":"publish","type":"page","link":"https:\/\/www.lottenlundestate.se\/en\/biodling\/","title":{"rendered":"Beehives"},"content":{"rendered":"<div data-elementor-type=\"wp-page\" data-elementor-id=\"48\" class=\"elementor elementor-48\" data-elementor-post-type=\"page\">\n\t\t\t\t\t\t<section class=\"elementor-section elementor-top-section elementor-element elementor-element-690a61a elementor-section-full_width elementor-section-height-min-height elementor-hidden-mobile elementor-section-height-default elementor-section-items-middle\" data-id=\"690a61a\" data-element_type=\"section\" data-settings=\"{&quot;background_background&quot;:&quot;classic&quot;}\">\n\t\t\t\t\t\t<div class=\"elementor-container elementor-column-gap-default\">\n\t\t\t\t\t<div class=\"elementor-column elementor-col-100 elementor-top-column elementor-element elementor-element-9d95caa\" data-id=\"9d95caa\" data-element_type=\"column\">\n\t\t\t<div class=\"elementor-widget-wrap elementor-element-populated\">\n\t\t\t\t\t\t<div class=\"elementor-element elementor-element-36a2e58 elementor-widget elementor-widget-image\" data-id=\"36a2e58\" data-element_type=\"widget\" data-widget_type=\"image.default\">\n\t\t\t\t<div class=\"elementor-widget-container\">\n\t\t\t\t\t\t\t\t\t\t\t\t\t\t\t<img fetchpriority=\"high\" decoding=\"async\" width=\"1978\" height=\"1113\" src=\"https:\/\/www.lottenlundestate.se\/wp-content\/uploads\/2022\/01\/Bjare-HQ00004.webp\" class=\"attachment-full size-full wp-image-112\" alt=\"\" srcset=\"https:\/\/www.lottenlundestate.se\/wp-content\/uploads\/2022\/01\/Bjare-HQ00004.webp 1978w, https:\/\/www.lottenlundestate.se\/wp-content\/uploads\/2022\/01\/Bjare-HQ00004-300x169.webp 300w, https:\/\/www.lottenlundestate.se\/wp-content\/uploads\/2022\/01\/Bjare-HQ00004-1024x576.webp 1024w, https:\/\/www.lottenlundestate.se\/wp-content\/uploads\/2022\/01\/Bjare-HQ00004-768x432.webp 768w, https:\/\/www.lottenlundestate.se\/wp-content\/uploads\/2022\/01\/Bjare-HQ00004-1536x864.webp 1536w, https:\/\/www.lottenlundestate.se\/wp-content\/uploads\/2022\/01\/Bjare-HQ00004-18x10.webp 18w\" sizes=\"(max-width: 1978px) 100vw, 1978px\" \/>\t\t\t\t\t\t\t\t\t\t\t\t\t\t\t<\/div>\n\t\t\t\t<\/div>\n\t\t\t\t\t<\/div>\n\t\t<\/div>\n\t\t\t\t\t<\/div>\n\t\t<\/section>\n\t\t\t\t<section class=\"elementor-section elementor-top-section elementor-element elementor-element-43fa050 elementor-section-height-min-height elementor-section-boxed elementor-section-height-default elementor-section-items-middle\" data-id=\"43fa050\" data-element_type=\"section\">\n\t\t\t\t\t\t<div class=\"elementor-container elementor-column-gap-no\">\n\t\t\t\t\t<div class=\"elementor-column elementor-col-100 elementor-top-column elementor-element elementor-element-eef6185\" data-id=\"eef6185\" data-element_type=\"column\">\n\t\t\t<div class=\"elementor-widget-wrap elementor-element-populated\">\n\t\t\t\t\t\t<div class=\"elementor-element elementor-element-486a2fc elementor-invisible elementor-widget elementor-widget-heading\" data-id=\"486a2fc\" data-element_type=\"widget\" data-settings=\"{&quot;_animation&quot;:&quot;fadeIn&quot;}\" data-widget_type=\"heading.default\">\n\t\t\t\t<div class=\"elementor-widget-container\">\n\t\t\t\t\t<h3 class=\"elementor-heading-title elementor-size-default\">Lottenlund Estate<\/h3>\t\t\t\t<\/div>\n\t\t\t\t<\/div>\n\t\t\t\t<div class=\"elementor-element elementor-element-542cf7e elementor-invisible elementor-widget elementor-widget-heading\" data-id=\"542cf7e\" data-element_type=\"widget\" data-settings=\"{&quot;_animation&quot;:&quot;fadeIn&quot;,&quot;_animation_delay&quot;:&quot;400&quot;}\" data-widget_type=\"heading.default\">\n\t\t\t\t<div class=\"elementor-widget-container\">\n\t\t\t\t\t<h1 class=\"elementor-heading-title elementor-size-default\">Beehives<\/h1>\t\t\t\t<\/div>\n\t\t\t\t<\/div>\n\t\t\t\t<div class=\"elementor-element elementor-element-d2a6f99 elementor-invisible elementor-widget elementor-widget-text-editor\" data-id=\"d2a6f99\" data-element_type=\"widget\" data-settings=\"{&quot;_animation&quot;:&quot;fadeIn&quot;,&quot;_animation_delay&quot;:400}\" data-widget_type=\"text-editor.default\">\n\t\t\t\t<div class=\"elementor-widget-container\">\n\t\t\t\t\t\t\t\t\t<p>We are incredibly proud of our honeybees and that we through our beehives contribute to increased biodiversity. We see it as an insurance for the future.<\/p><p>Bees are affected by disease at a greater extent in modern society and agriculture. You can help the bees and biodiversity by choosing locally produced honey over the industrial counterpart.<\/p><p>At Lottenlund we host 10 bee families, and every family has its own queen. Tens of thousands of bees of the Buckfast variety, spreads as far as 3 kilometers from their homes. A few times a year we arrange bee safaris, where we look inside the hives.<\/p><p class=\" translation-block\">The honey we produce is handcrafted and the honey is a result of over 5 million flower visits. If that was not enough, they help us with the pollination of our Appletree\u2019s.<\/p><p class=\" translation-block\">Since we don\u2019t use any chemical compounds, our wax is highly sought after, and we sell it for use in salves, but we let the bees keep most of it for themselves.<\/p>\t\t\t\t\t\t\t\t<\/div>\n\t\t\t\t<\/div>\n\t\t\t\t\t<\/div>\n\t\t<\/div>\n\t\t\t\t\t<\/div>\n\t\t<\/section>\n\t\t\t\t<\/div>","protected":false},"excerpt":{"rendered":"<p>Lottenlund Estate Biodling Vi \u00e4r otroligt stolta \u00f6ver v\u00e5ra honungsbin och att vi f\u00e5r m\u00f6jlighet, genom biodlingen, att bidra till en \u00f6kad biologisk m\u00e5ngfald p\u00e5 v\u00e5r landsbygd. Man skulle kunna s\u00e4ga att biologisk m\u00e5ngfald \u00e4r som en slags f\u00f6rs\u00e4kring inf\u00f6r framtidens behov. Bin drabbas av sjukdomar i st\u00f6rre utstr\u00e4ckning i dagens samh\u00e4lle och i samband [&hellip;]<\/p>","protected":false},"author":1,"featured_media":0,"parent":0,"menu_order":0,"comment_status":"closed","ping_status":"closed","template":"","meta":{"_seopress_robots_primary_cat":"","_seopress_titles_title":"","_seopress_titles_desc":"","_seopress_robots_index":"","footnotes":""},"Pagecategories":[],"class_list":["post-48","page","type-page","status-publish","hentry"],"meta_box":[],"_links":{"self":[{"href":"https:\/\/www.lottenlundestate.se\/en\/wp-json\/wp\/v2\/pages\/48","targetHints":{"allow":["GET"]}}],"collection":[{"href":"https:\/\/www.lottenlundestate.se\/en\/wp-json\/wp\/v2\/pages"}],"about":[{"href":"https:\/\/www.lottenlundestate.se\/en\/wp-json\/wp\/v2\/types\/page"}],"author":[{"embeddable":true,"href":"https:\/\/www.lottenlundestate.se\/en\/wp-json\/wp\/v2\/users\/1"}],"replies":[{"embeddable":true,"href":"https:\/\/www.lottenlundestate.se\/en\/wp-json\/wp\/v2\/comments?post=48"}],"version-history":[{"count":5,"href":"https:\/\/www.lottenlundestate.se\/en\/wp-json\/wp\/v2\/pages\/48\/revisions"}],"predecessor-version":[{"id":1661,"href":"https:\/\/www.lottenlundestate.se\/en\/wp-json\/wp\/v2\/pages\/48\/revisions\/1661"}],"wp:attachment":[{"href":"https:\/\/www.lottenlundestate.se\/en\/wp-json\/wp\/v2\/media?parent=48"}],"wp:term":[{"taxonomy":"Pagecategories","embeddable":true,"href":"https:\/\/www.lottenlundestate.se\/en\/wp-json\/wp\/v2\/Pagecategories?post=48"}],"curies":[{"name":"wp","href":"https:\/\/api.w.org\/{rel}","templated":true}]}}