{"id":51,"date":"2022-01-26T08:29:04","date_gmt":"2022-01-26T07:29:04","guid":{"rendered":"https:\/\/www.lottenlundestate.se\/?page_id=51"},"modified":"2022-03-14T10:52:39","modified_gmt":"2022-03-14T09:52:39","slug":"appelodling","status":"publish","type":"page","link":"https:\/\/www.lottenlundestate.se\/en\/appelodling\/","title":{"rendered":"Orchard"},"content":{"rendered":"<div data-elementor-type=\"wp-page\" data-elementor-id=\"51\" class=\"elementor elementor-51\" data-elementor-post-type=\"page\">\n\t\t\t\t\t\t<section class=\"elementor-section elementor-top-section elementor-element elementor-element-998020e elementor-section-full_width elementor-section-height-min-height elementor-hidden-mobile elementor-section-height-default elementor-section-items-middle\" data-id=\"998020e\" data-element_type=\"section\" data-settings=\"{&quot;background_background&quot;:&quot;classic&quot;}\">\n\t\t\t\t\t\t<div class=\"elementor-container elementor-column-gap-default\">\n\t\t\t\t\t<div class=\"elementor-column elementor-col-100 elementor-top-column elementor-element elementor-element-a6815f8\" data-id=\"a6815f8\" data-element_type=\"column\">\n\t\t\t<div class=\"elementor-widget-wrap elementor-element-populated\">\n\t\t\t\t\t\t<div class=\"elementor-element elementor-element-65b1d4b elementor-widget elementor-widget-image\" data-id=\"65b1d4b\" data-element_type=\"widget\" data-widget_type=\"image.default\">\n\t\t\t\t<div class=\"elementor-widget-container\">\n\t\t\t\t\t\t\t\t\t\t\t\t\t\t\t<img fetchpriority=\"high\" decoding=\"async\" width=\"2000\" height=\"1125\" src=\"https:\/\/www.lottenlundestate.se\/wp-content\/uploads\/2022\/01\/dronarbild-vingarden.webp\" class=\"attachment-full size-full wp-image-122\" alt=\"\" srcset=\"https:\/\/www.lottenlundestate.se\/wp-content\/uploads\/2022\/01\/dronarbild-vingarden.webp 2000w, https:\/\/www.lottenlundestate.se\/wp-content\/uploads\/2022\/01\/dronarbild-vingarden-300x169.webp 300w, https:\/\/www.lottenlundestate.se\/wp-content\/uploads\/2022\/01\/dronarbild-vingarden-1024x576.webp 1024w, https:\/\/www.lottenlundestate.se\/wp-content\/uploads\/2022\/01\/dronarbild-vingarden-768x432.webp 768w, https:\/\/www.lottenlundestate.se\/wp-content\/uploads\/2022\/01\/dronarbild-vingarden-1536x864.webp 1536w, https:\/\/www.lottenlundestate.se\/wp-content\/uploads\/2022\/01\/dronarbild-vingarden-18x10.webp 18w\" sizes=\"(max-width: 2000px) 100vw, 2000px\" \/>\t\t\t\t\t\t\t\t\t\t\t\t\t\t\t<\/div>\n\t\t\t\t<\/div>\n\t\t\t\t\t<\/div>\n\t\t<\/div>\n\t\t\t\t\t<\/div>\n\t\t<\/section>\n\t\t\t\t<section class=\"elementor-section elementor-top-section elementor-element elementor-element-f8b78d5 elementor-section-height-min-height elementor-section-boxed elementor-section-height-default elementor-section-items-middle\" data-id=\"f8b78d5\" data-element_type=\"section\">\n\t\t\t\t\t\t<div class=\"elementor-container elementor-column-gap-no\">\n\t\t\t\t\t<div class=\"elementor-column elementor-col-100 elementor-top-column elementor-element elementor-element-aab1d6c\" data-id=\"aab1d6c\" data-element_type=\"column\">\n\t\t\t<div class=\"elementor-widget-wrap elementor-element-populated\">\n\t\t\t\t\t\t<div class=\"elementor-element elementor-element-f58de94 elementor-invisible elementor-widget elementor-widget-heading\" data-id=\"f58de94\" data-element_type=\"widget\" data-settings=\"{&quot;_animation&quot;:&quot;fadeIn&quot;}\" data-widget_type=\"heading.default\">\n\t\t\t\t<div class=\"elementor-widget-container\">\n\t\t\t\t\t<h3 class=\"elementor-heading-title elementor-size-default\">Lottenlund Estate<\/h3>\t\t\t\t<\/div>\n\t\t\t\t<\/div>\n\t\t\t\t<div class=\"elementor-element elementor-element-236cb0f elementor-invisible elementor-widget elementor-widget-heading\" data-id=\"236cb0f\" data-element_type=\"widget\" data-settings=\"{&quot;_animation&quot;:&quot;fadeIn&quot;,&quot;_animation_delay&quot;:&quot;400&quot;}\" data-widget_type=\"heading.default\">\n\t\t\t\t<div class=\"elementor-widget-container\">\n\t\t\t\t\t<h1 class=\"elementor-heading-title elementor-size-default\">Orchard<\/h1>\t\t\t\t<\/div>\n\t\t\t\t<\/div>\n\t\t\t\t<div class=\"elementor-element elementor-element-d6adac0 elementor-invisible elementor-widget elementor-widget-text-editor\" data-id=\"d6adac0\" data-element_type=\"widget\" data-settings=\"{&quot;_animation&quot;:&quot;fadeIn&quot;,&quot;_animation_delay&quot;:400}\" data-widget_type=\"text-editor.default\">\n\t\t\t\t<div class=\"elementor-widget-container\">\n\t\t\t\t\t\t\t\t\t<p id=\"E48\" class=\"x-scope qowt-word-para-1 translation-block\">We planted our Orchard in 2012, and it was the start of our production, with the goal to in the future make apple juice and distill our own apple brandy, just like they do in Calvados, France.<\/p><p id=\"E52\" class=\"x-scope qowt-word-para-0 translation-block\">We grow 8 varieties of apples, which all contribute with their distinctive character and aromas for our products, which were chosen by consulting \u201cBolsg\u00e5rd\u201d and \u201c\u00c4ppelriket\u201d in \u00d6sterlen. In order, to create a great tasting apple product, we use varieties that contribute bitterness, Sweetness and Acidity.<\/p><p id=\"E61\" class=\"x-scope qowt-word-para-0 translation-block\">We do not use any chemicals to remove weeds, instead we remove it all by hand.<\/p><p id=\"E71\" class=\"x-scope qowt-word-para-0 translation-block\">The worst enemy of apples trees is spring frost, but being so close to the sea, we have a milder climate which makes it a very rare occurrence.<\/p>\t\t\t\t\t\t\t\t<\/div>\n\t\t\t\t<\/div>\n\t\t\t\t\t<\/div>\n\t\t<\/div>\n\t\t\t\t\t<\/div>\n\t\t<\/section>\n\t\t\t\t<\/div>","protected":false},"excerpt":{"rendered":"<p>Lottenlund Estate \u00c4ppelodling Redan 2012 anlade vi g\u00e5rdens f\u00f6rsta odling f\u00f6r \u00e4pplen med m\u00e5let att skapa en vacker \u00e4ppellund och samtidigt kunna producera en \u00e4ppelbrandy p\u00e5 g\u00e5rdens egenodlade \u00e4pplen, med inspiration fr\u00e5n det franska \u00e4ppeldestillatet Calvados. Vi odlar 8 sorters \u00e4pplen med olika egenskaper, noggrant utvalda i samr\u00e5d med b\u00e5de Balsg\u00e5rd och \u00c4ppelriket p\u00e5 \u00d6sterlen, [&hellip;]<\/p>","protected":false},"author":1,"featured_media":0,"parent":0,"menu_order":0,"comment_status":"closed","ping_status":"closed","template":"","meta":{"_seopress_robots_primary_cat":"","_seopress_titles_title":"","_seopress_titles_desc":"","_seopress_robots_index":"","footnotes":""},"Pagecategories":[],"class_list":["post-51","page","type-page","status-publish","hentry"],"meta_box":[],"_links":{"self":[{"href":"https:\/\/www.lottenlundestate.se\/en\/wp-json\/wp\/v2\/pages\/51","targetHints":{"allow":["GET"]}}],"collection":[{"href":"https:\/\/www.lottenlundestate.se\/en\/wp-json\/wp\/v2\/pages"}],"about":[{"href":"https:\/\/www.lottenlundestate.se\/en\/wp-json\/wp\/v2\/types\/page"}],"author":[{"embeddable":true,"href":"https:\/\/www.lottenlundestate.se\/en\/wp-json\/wp\/v2\/users\/1"}],"replies":[{"embeddable":true,"href":"https:\/\/www.lottenlundestate.se\/en\/wp-json\/wp\/v2\/comments?post=51"}],"version-history":[{"count":5,"href":"https:\/\/www.lottenlundestate.se\/en\/wp-json\/wp\/v2\/pages\/51\/revisions"}],"predecessor-version":[{"id":1664,"href":"https:\/\/www.lottenlundestate.se\/en\/wp-json\/wp\/v2\/pages\/51\/revisions\/1664"}],"wp:attachment":[{"href":"https:\/\/www.lottenlundestate.se\/en\/wp-json\/wp\/v2\/media?parent=51"}],"wp:term":[{"taxonomy":"Pagecategories","embeddable":true,"href":"https:\/\/www.lottenlundestate.se\/en\/wp-json\/wp\/v2\/Pagecategories?post=51"}],"curies":[{"name":"wp","href":"https:\/\/api.w.org\/{rel}","templated":true}]}}