{"id":54,"date":"2022-01-26T08:33:53","date_gmt":"2022-01-26T07:33:53","guid":{"rendered":"https:\/\/www.lottenlundestate.se\/?page_id=54"},"modified":"2022-03-14T10:51:34","modified_gmt":"2022-03-14T09:51:34","slug":"kulinarisk-odling","status":"publish","type":"page","link":"https:\/\/www.lottenlundestate.se\/en\/kulinarisk-odling\/","title":{"rendered":"Culinary Garden"},"content":{"rendered":"<div data-elementor-type=\"wp-page\" data-elementor-id=\"54\" class=\"elementor elementor-54\" data-elementor-post-type=\"page\">\n\t\t\t\t\t\t<section class=\"elementor-section elementor-top-section elementor-element elementor-element-93d4b23 elementor-section-full_width elementor-section-height-min-height elementor-hidden-mobile elementor-section-height-default elementor-section-items-middle\" data-id=\"93d4b23\" data-element_type=\"section\" data-settings=\"{&quot;background_background&quot;:&quot;classic&quot;}\">\n\t\t\t\t\t\t<div class=\"elementor-container elementor-column-gap-default\">\n\t\t\t\t\t<div class=\"elementor-column elementor-col-100 elementor-top-column elementor-element elementor-element-f86bb05\" data-id=\"f86bb05\" data-element_type=\"column\">\n\t\t\t<div class=\"elementor-widget-wrap elementor-element-populated\">\n\t\t\t\t\t\t<div class=\"elementor-element elementor-element-0a9a40c elementor-widget elementor-widget-image\" data-id=\"0a9a40c\" data-element_type=\"widget\" data-widget_type=\"image.default\">\n\t\t\t\t<div class=\"elementor-widget-container\">\n\t\t\t\t\t\t\t\t\t\t\t\t\t\t\t<img fetchpriority=\"high\" decoding=\"async\" width=\"1920\" height=\"960\" src=\"https:\/\/www.lottenlundestate.se\/wp-content\/uploads\/2022\/03\/Kulinarisk-odling.jpg\" class=\"attachment-full size-full wp-image-1652\" alt=\"\" srcset=\"https:\/\/www.lottenlundestate.se\/wp-content\/uploads\/2022\/03\/Kulinarisk-odling.jpg 1920w, https:\/\/www.lottenlundestate.se\/wp-content\/uploads\/2022\/03\/Kulinarisk-odling-300x150.jpg 300w, https:\/\/www.lottenlundestate.se\/wp-content\/uploads\/2022\/03\/Kulinarisk-odling-1024x512.jpg 1024w, https:\/\/www.lottenlundestate.se\/wp-content\/uploads\/2022\/03\/Kulinarisk-odling-768x384.jpg 768w, https:\/\/www.lottenlundestate.se\/wp-content\/uploads\/2022\/03\/Kulinarisk-odling-1536x768.jpg 1536w, https:\/\/www.lottenlundestate.se\/wp-content\/uploads\/2022\/03\/Kulinarisk-odling-18x9.jpg 18w\" sizes=\"(max-width: 1920px) 100vw, 1920px\" \/>\t\t\t\t\t\t\t\t\t\t\t\t\t\t\t<\/div>\n\t\t\t\t<\/div>\n\t\t\t\t\t<\/div>\n\t\t<\/div>\n\t\t\t\t\t<\/div>\n\t\t<\/section>\n\t\t\t\t<section class=\"elementor-section elementor-top-section elementor-element elementor-element-419f1c1 elementor-section-height-min-height elementor-section-boxed elementor-section-height-default elementor-section-items-middle\" data-id=\"419f1c1\" data-element_type=\"section\">\n\t\t\t\t\t\t<div class=\"elementor-container elementor-column-gap-no\">\n\t\t\t\t\t<div class=\"elementor-column elementor-col-100 elementor-top-column elementor-element elementor-element-08165a1\" data-id=\"08165a1\" data-element_type=\"column\">\n\t\t\t<div class=\"elementor-widget-wrap elementor-element-populated\">\n\t\t\t\t\t\t<div class=\"elementor-element elementor-element-5264263 elementor-invisible elementor-widget elementor-widget-heading\" data-id=\"5264263\" data-element_type=\"widget\" data-settings=\"{&quot;_animation&quot;:&quot;fadeIn&quot;}\" data-widget_type=\"heading.default\">\n\t\t\t\t<div class=\"elementor-widget-container\">\n\t\t\t\t\t<h3 class=\"elementor-heading-title elementor-size-default\">Lottenlund Estate<\/h3>\t\t\t\t<\/div>\n\t\t\t\t<\/div>\n\t\t\t\t<div class=\"elementor-element elementor-element-373080d elementor-invisible elementor-widget elementor-widget-heading\" data-id=\"373080d\" data-element_type=\"widget\" data-settings=\"{&quot;_animation&quot;:&quot;fadeIn&quot;,&quot;_animation_delay&quot;:&quot;400&quot;}\" data-widget_type=\"heading.default\">\n\t\t\t\t<div class=\"elementor-widget-container\">\n\t\t\t\t\t<h1 class=\"elementor-heading-title elementor-size-default\">Culinary Garden<\/h1>\t\t\t\t<\/div>\n\t\t\t\t<\/div>\n\t\t\t\t<div class=\"elementor-element elementor-element-822a03c elementor-invisible elementor-widget elementor-widget-text-editor\" data-id=\"822a03c\" data-element_type=\"widget\" data-settings=\"{&quot;_animation&quot;:&quot;fadeIn&quot;,&quot;_animation_delay&quot;:400}\" data-widget_type=\"text-editor.default\">\n\t\t\t\t<div class=\"elementor-widget-container\">\n\t\t\t\t\t\t\t\t\t<p id=\"E47\" class=\"x-scope qowt-word-para-0 translation-block\">In our Culinary Garden, we cultivate botanicals long used for their medicinal values, and usage in the Swedish Akvavit tradition. At the start it was used for all kinds of herbs and vegetables, but as we decided to start distilling, we wanted to use the garden for our gin production, which influenced us in the creation of our Botanical gin, since then it has continued to inspire us to create new spirit recipes.<\/p><p id=\"E57\" class=\"x-scope qowt-word-para-0 translation-block\">As with everything at Lottenlund, we stay as far away as chemical compound as we can and remove weeds by hand.<\/p><p id=\"E71\" class=\"x-scope qowt-word-para-0\"><span id=\"E72\">The garden is 600 square meters, and just beside it we have another 800 square meters of berries. <\/span><\/p><p id=\"E74\" class=\"x-scope qowt-word-para-0 translation-block\">In the summertime, if you are lucky to arrive at harvest, we sell some of our produce to visitors.<\/p><p id=\"E83\" class=\"x-scope qowt-word-para-0\"><span id=\"E84\">Don\u2019t be scared if you see one of our hens walking around in the garden, they are just paying their dues in form of munieur in return for the food we give them. <\/span><\/p>\t\t\t\t\t\t\t\t<\/div>\n\t\t\t\t<\/div>\n\t\t\t\t\t<\/div>\n\t\t<\/div>\n\t\t\t\t\t<\/div>\n\t\t<\/section>\n\t\t\t\t<\/div>","protected":false},"excerpt":{"rendered":"<p>Lottenlund Estate Kulinarisk odling I v\u00e5r kulinariska odling h\u00e4mtar vi inspiration till det rika arv av kryddor som anv\u00e4nts historiskt i svenska destillat. Fr\u00e5n b\u00f6rjan var v\u00e5r kulinariska odling en plats d\u00e4r vi odlade rotfrukter, gr\u00f6nsaker och \u00f6rter. I samband med utvecklingen av v\u00e5rt destilleri h\u00e4mtade vi inspiration till v\u00e5r f\u00f6rsta gin, Botanical Gin by [&hellip;]<\/p>","protected":false},"author":1,"featured_media":0,"parent":0,"menu_order":0,"comment_status":"closed","ping_status":"closed","template":"","meta":{"_seopress_robots_primary_cat":"","_seopress_titles_title":"","_seopress_titles_desc":"","_seopress_robots_index":"","footnotes":""},"Pagecategories":[],"class_list":["post-54","page","type-page","status-publish","hentry"],"meta_box":[],"_links":{"self":[{"href":"https:\/\/www.lottenlundestate.se\/en\/wp-json\/wp\/v2\/pages\/54","targetHints":{"allow":["GET"]}}],"collection":[{"href":"https:\/\/www.lottenlundestate.se\/en\/wp-json\/wp\/v2\/pages"}],"about":[{"href":"https:\/\/www.lottenlundestate.se\/en\/wp-json\/wp\/v2\/types\/page"}],"author":[{"embeddable":true,"href":"https:\/\/www.lottenlundestate.se\/en\/wp-json\/wp\/v2\/users\/1"}],"replies":[{"embeddable":true,"href":"https:\/\/www.lottenlundestate.se\/en\/wp-json\/wp\/v2\/comments?post=54"}],"version-history":[{"count":5,"href":"https:\/\/www.lottenlundestate.se\/en\/wp-json\/wp\/v2\/pages\/54\/revisions"}],"predecessor-version":[{"id":1658,"href":"https:\/\/www.lottenlundestate.se\/en\/wp-json\/wp\/v2\/pages\/54\/revisions\/1658"}],"wp:attachment":[{"href":"https:\/\/www.lottenlundestate.se\/en\/wp-json\/wp\/v2\/media?parent=54"}],"wp:term":[{"taxonomy":"Pagecategories","embeddable":true,"href":"https:\/\/www.lottenlundestate.se\/en\/wp-json\/wp\/v2\/Pagecategories?post=54"}],"curies":[{"name":"wp","href":"https:\/\/api.w.org\/{rel}","templated":true}]}}